{"id":4045,"date":"2023-12-14T16:22:32","date_gmt":"2023-12-14T14:22:32","guid":{"rendered":"https:\/\/camo.ee\/projektid\/europiir\/tjenester\/"},"modified":"2024-11-12T12:07:29","modified_gmt":"2024-11-12T10:07:29","slug":"tjenester","status":"publish","type":"page","link":"https:\/\/europiir.ee\/no\/tjenester\/","title":{"rendered":"Tjenester"},"content":{"rendered":"<p>[vc_section css=&raquo;.vc_custom_1700638880697{padding-bottom: 50px !important;}&raquo;][vc_row][vc_column width=&raquo;1\/2&#8243;][vc_column_text]<\/p>\n<h2>EUROPIIR-KONSERNET TRANSPORTERER STYKKGODS OG FULL LAST P\u00c5 F\u00d8LGENDE RUTER:<\/h2>\n<p>Tyrkia og Ukraina, Norge, Latvia, Litauen, Estland, Finland, Bulgaria og tilbake til Tyrkia og Ukraina. I tillegg til disse hovedrutene finnes det ogs\u00e5 andre destinasjoner <a href=\"https:\/\/europiir.ee\/no\/prisforesporsel\/\">(vennligst send inn en prisforesp\u00f8rsel)<\/a>.<\/p>\n<p>Vi transporterer ogs\u00e5 full- og stykkgods til sj\u00f8s og p\u00e5 vei. For \u00e5 beregne kostnadene kan du sende oss et kostnadsberegningsskjema eller skrive til <a href=\"mailto:%D1%80%D0%B3%D1%96%D1%81%D0%B5@europiir.ee\">\u0440\u0433\u0456\u0441\u0435@europiir.ee<\/a>. Vi kan levere sm\u00e5 forsendelser ikke bare til sj\u00f8s og p\u00e5 vei, men ogs\u00e5 med fly![\/vc_column_text][\/vc_column][vc_column width=&raquo;1\/2&#8243;][vc_single_image image=&raquo;2343&#8243; img_size=&raquo;full&raquo;][\/vc_column][\/vc_row][\/vc_section][vc_section full_width=&raquo;stretch_row&raquo; content_placement=&raquo;top&raquo; css=&raquo;.vc_custom_1700573789139{padding-bottom: 50px !important;background-color: #1f365c !important;}&raquo;][vc_row][vc_column width=&raquo;1\/2&#8243;]<div id=\"ultimate-heading-656369dce8ed28f53\" class=\"uvc-heading ult-adjust-bottom-margin ultimate-heading-656369dce8ed28f53 uvc-1011 accent-border-color\" data-hspacer=\"line_only\"  data-halign=\"left\" style=\"text-align:left\"><div class=\"uvc-main-heading ult-responsive\"  data-ultimate-target='.uvc-heading.ultimate-heading-656369dce8ed28f53 h2'  data-responsive-json-new='{\"font-size\":\"\",\"line-height\":\"\"}' ><h2 style=\"font-weight:bold;color:#ffffff;margin-bottom:5px;\">HVA ER EN SAMLASTET FORSENDELSE?<\/h2><\/div><div class=\"uvc-heading-spacer line_only\" style=\"margin-bottom:25px;height:4px;\"><span class=\"uvc-headings-line\" style=\"border-style:solid;border-bottom-width:4px;border-color:#ef9b00;width:200px;\"><\/span><\/div><\/div>[vc_column_text]<span style=\"font-weight: 400; color: #ffffff;\">En samlastet forsendelse er en forsendelse av sm\u00e5 laster fra forskjellige kunder som transporteres i \u00e9n retning i en full container, lastebil osv.<\/span><\/p>\n<p><strong><span style=\"color: #ffffff;\">Samlaster som transporteres av en transport\u00f8r, merkes tilsvarende:<\/span><\/strong>[\/vc_column_text]<div class=\"aio-icon-component  vc_custom_1700639265853   style_1\"><div id=\"Info-box-wrap-6901\" class=\"aio-icon-box left-icon\" style=\"\"  ><div class=\"aio-icon-left\"><div class=\"ult-just-icon-wrapper  \"><div class=\"align-icon\" style=\"text-align:center;\">\n<div class=\"aio-icon advanced \"  style=\"color:#ffffff;background:#ef9b00;border-style:;border-color:#333333;border-width:1px;width:64px;height:64px;line-height:64px;border-radius:500px;font-size:32px;display:inline-block;\">\n\t<i class=\"Defaults-truck\"><\/i>\n<\/div><\/div><\/div><\/div><div class=\"aio-ibd-block\"><div class=\"aio-icon-description ult-responsive\"  data-ultimate-target='#Info-box-wrap-6901 .aio-icon-description'  data-responsive-json-new='{\"font-size\":\"\",\"line-height\":\"\"}'  style=\"\"><strong><span style=\"color: #ef9b00;\">LTL (LessthanTruckLoad)<\/span><\/strong><\/p>\n<p><span style=\"color: #ffffff;\">for godstransport p\u00e5 vei;<\/span><\/div> <!-- description --><\/div> <!-- aio-ibd-block --><\/div> <!-- aio-icon-box --><\/div> <!-- aio-icon-component --><div class=\"aio-icon-component  vc_custom_1700639248078   style_1\"><div id=\"Info-box-wrap-5404\" class=\"aio-icon-box left-icon\" style=\"\"  ><div class=\"aio-icon-left\"><div class=\"ult-just-icon-wrapper  \"><div class=\"align-icon\" style=\"text-align:center;\">\n<div class=\"aio-icon advanced \"  style=\"color:#ffffff;background:#ef9b00;border-style:;border-color:#333333;border-width:1px;width:64px;height:64px;line-height:64px;border-radius:500px;font-size:32px;display:inline-block;\">\n\t<i class=\"Defaults-ship\"><\/i>\n<\/div><\/div><\/div><\/div><div class=\"aio-ibd-block\"><div class=\"aio-icon-description ult-responsive\"  data-ultimate-target='#Info-box-wrap-5404 .aio-icon-description'  data-responsive-json-new='{\"font-size\":\"\",\"line-height\":\"\"}'  style=\"\"><strong><span style=\"color: #ef9b00;\">LCL-transport (LessContainerLoad)<\/span><\/strong><br \/>\n<span style=\"color: #ffffff;\">containertransport i kombinert transport.<\/span><\/div> <!-- description --><\/div> <!-- aio-ibd-block --><\/div> <!-- aio-icon-box --><\/div> <!-- aio-icon-component -->[\/vc_column][vc_column width=&raquo;1\/2&#8243;][vc_column_text css=&raquo;.vc_custom_1700639301439{margin-bottom: 20px !important;padding-top: 20px !important;padding-right: 20px !important;padding-bottom: 20px !important;padding-left: 20px !important;background-color: #334b72 !important;}&raquo;]<span style=\"color: #ffffff;\"><b>FORDELER MED KOMBINERT TRANSPORT<\/b><\/span><\/p>\n<p><span style=\"font-weight: 400; color: #ffffff;\">Kombinert transport reduserer transport\u00f8rens leveringskostnader, noe som gir klare fordeler for kundene:<\/span><\/p>\n<ul>\n<li style=\"font-weight: 400;\" aria-level=\"1\"><span style=\"font-weight: 400; color: #ffffff;\">lave servicekostnader;<\/span><\/li>\n<li style=\"font-weight: 400;\" aria-level=\"1\"><span style=\"font-weight: 400; color: #ffffff;\">mulighet til \u00e5 levere sm\u00e5 laster;<\/span><\/li>\n<li style=\"font-weight: 400;\" aria-level=\"1\"><span style=\"font-weight: 400; color: #ffffff;\">lave transportkostnader \u2013 lave fraktkostnader \u2013 lave forsendelseskostnader \u2013 regelmessighet og punktlighet i forsendelsene;<\/span><\/li>\n<li style=\"font-weight: 400;\" aria-level=\"1\"><span style=\"font-weight: 400; color: #ffffff;\">transportsikkerhet;<\/span><\/li>\n<li style=\"font-weight: 400;\" aria-level=\"1\"><span style=\"font-weight: 400; color: #ffffff;\">allsidighet.<\/span><\/li>\n<\/ul>\n<p>[\/vc_column_text][vc_column_text css=&raquo;.vc_custom_1700487434940{padding-top: 20px !important;padding-right: 20px !important;padding-bottom: 20px !important;padding-left: 20px !important;background-color: #334b72 !important;}&raquo;]<span style=\"color: #ffffff;\"><b>HVA KAN TRANSPORTERES<\/b> <b>SOM TILLEGGSLAST?<\/b><\/span><\/p>\n<p><span style=\"font-weight: 400; color: #ffffff;\">Nesten alle typer gods som kunden \u00f8nsker i sm\u00e5 mengder (fra 50 kg), inkludert farlig gods i fareklasse 2, 3, 4, 5, 6, 8 og 9 (ADR).<\/span>[\/vc_column_text][\/vc_column][\/vc_row][\/vc_section][vc_section full_width=&raquo;stretch_row&raquo; css=&raquo;.vc_custom_1700639868870{background-color: #f5f5f5 !important;}&raquo;][vc_row bg_type=&raquo;bg_color&raquo; css=&raquo;.vc_custom_1700639886082{margin-top: 30px !important;}&raquo;][vc_column]<div id=\"ultimate-heading-831169dce8ed293e6\" class=\"uvc-heading ult-adjust-bottom-margin ultimate-heading-831169dce8ed293e6 uvc-2491 accent-icon-color\" data-hspacer=\"line_only\"  data-halign=\"center\" style=\"text-align:center\"><div class=\"uvc-main-heading ult-responsive\"  data-ultimate-target='.uvc-heading.ultimate-heading-831169dce8ed293e6 h2'  data-responsive-json-new='{\"font-size\":\"\",\"line-height\":\"\"}' ><h2 style=\"font-weight:bold;\">TYPER TJENESTER FOR KOMBINERTE&lt;br&gt;<br \/>\nTRANSPORTER OG FULLBILTRANSPORTER:<\/h2><\/div><div class=\"uvc-heading-spacer line_only\" style=\"margin-bottom:30px;height:4px;\"><span class=\"uvc-headings-line\" style=\"border-style:solid;border-bottom-width:4px;border-color:#ef9b00;width:200px;\"><\/span><\/div><\/div>[\/vc_column][\/vc_row][vc_row][vc_column width=&raquo;1\/3&#8243;][vc_column_text css=&raquo;.vc_custom_1700639720042{padding-top: 20px !important;padding-right: 20px !important;padding-bottom: 20px !important;padding-left: 20px !important;background-color: #ffffff !important;}&raquo;]<i><span style=\"font-weight: 400;\">N\u00f8kkelferdig transport av kombinerte og komplette laster:<\/span><\/i> <span style=\"font-weight: 400;\">leveringstjenester for kombinerte laster, inkludert fortolling i opprinnelseslandet og i bestemmelseslandet og levering av lasten til mottakerens d\u00f8rstokk, om n\u00f8dvendig med tilleggsforsikring av lasten.<\/span>[\/vc_column_text][\/vc_column][vc_column width=&raquo;1\/3&#8243;][vc_column_text css=&raquo;.vc_custom_1700487664017{padding-top: 20px !important;padding-right: 20px !important;padding-bottom: 20px !important;padding-left: 20px !important;background-color: #ffffff !important;}&raquo;]<i><span style=\"font-weight: 400;\">Transport av stykkgods fra tredjeland til EU i henhold til artikkel 42:<\/span><\/i><span style=\"font-weight: 400;\"> mottak av varene fra leverand\u00f8rens lager og transport av dem til et fortollingssted i Estland, etterfulgt av levering av varene i EU utenfor Estland, uten at det skal betales merverdiavgift ved import av varene. Merverdiavgiften m\u00e5 imidlertid oppgis p\u00e5 n\u00e6rmeste selvangivelse. <\/span>[\/vc_column_text][\/vc_column][vc_column width=&raquo;1\/3&#8243;][vc_column_text css=&raquo;.vc_custom_1700487698458{padding-top: 20px !important;padding-right: 20px !important;padding-bottom: 20px !important;padding-left: 20px !important;background-color: #ffffff !important;}&raquo;]<i><span style=\"font-weight: 400;\">Transport av kombinerte og fullstendige laster i henhold til v\u00e5r avtale:<\/span><\/i> <span style=\"font-weight: 400;\">kj\u00f8p og transport av varer fra Tyrkia, Ukraina og Kina til Estland, Latvia, Finland, Sverige, Norge, Bulgaria og andre EU-land til v\u00e5rt importselskap, der varene fortolles i Estland i henhold til<\/span> <span style=\"font-weight: 400;\">artikkel 42<\/span> <span style=\"font-weight: 400;\">og deretter leveres til mottakeren.<\/span>[\/vc_column_text][\/vc_column][\/vc_row][vc_row css=&raquo;.vc_custom_1700639994288{padding-top: 40px !important;padding-bottom: 40px !important;}&raquo;][vc_column width=&raquo;1\/2&#8243;][vc_column_text]<b>HVORDAN BEREGNER JEG KOSTNADEN FOR KOMBINERT OG FULL TRANSPORT?<\/b><\/p>\n<p><span style=\"font-weight: 400;\">Prisen p\u00e5 tjenesten p\u00e5virkes av f\u00f8lgende faktorer:<\/span><\/p>\n<ul>\n<li style=\"font-weight: 400;\" aria-level=\"1\"><span style=\"font-weight: 400;\">vekt, dimensjoner (volum, l\u00f8pemeter, lengde, bredde og h\u00f8yde) og type gods;<\/span><\/li>\n<li style=\"font-weight: 400;\" aria-level=\"1\"><span style=\"font-weight: 400;\">type transport (sj\u00f8, vei, fly);<\/span><\/li>\n<li style=\"font-weight: 400;\" aria-level=\"1\"><span style=\"font-weight: 400;\">reiseruten.<\/span><\/li>\n<\/ul>\n<p><strong>Bruk transportkalkulatoren for kombinerte transporter og full last for \u00e5 beregne kostnadene for kombinert transport.<\/strong>[\/vc_column_text][vc_raw_html]JTNDYSUyMGhyZWYlM0QlMjJodHRwcyUzQSUyRiUyRmV1cm9waWlyLmVlJTJGbm8lMkZwcmlzZm9yZXNwb3JzZWwlMkYlMjIlMjBzdHlsZSUzRCUyMmJhY2tncm91bmQlM0ElMjAlMjNlZjliMDAlM0IlMjBwYWRkaW5nJTNBJTIwMTBweCUyMDE4cHglM0IlMjBtYXJnaW4tdG9wJTNBJTIwMTBweCUzQiUyMGRpc3BsYXklM0ElMjBibG9jayUzQiUyMHdpZHRoJTNBJTIwZml0LWNvbnRlbnQlM0IlMjIlM0UlM0NidXR0b24lMjBzdHlsZSUzRCUyMmJvcmRlciUzQSUyMG5vbmUlM0IlMjBjb2xvciUzQSUyMHdoaXRlJTNCJTIwYmFja2dyb3VuZCUzQSUyMHRyYW5zcGFyZW50JTNCJTIwZm9udC13ZWlnaHQlM0ElMjBib2xkJTNCJTIwZm9udC1zaXplJTNBJTIwMTZweCUzQiUyMGZvbnQtZmFtaWx5JTNBJTIwJTI3T3BlbiUyMFNhbnMlMjBDb25kZW5zZWQlMjclM0IlMjIlM0VQUklTRk9SRVNQJUMzJTk4UlNFTCUzQyUyRmJ1dHRvbiUzRSUzQyUyRmElM0U=[\/vc_raw_html][\/vc_column][vc_column width=&raquo;1\/2&#8243;][vc_column_text css=&raquo;.vc_custom_1702882683892{padding-top: 20px !important;padding-right: 20px !important;padding-bottom: 20px !important;padding-left: 20px !important;background-color: #334b72 !important;}&raquo;]<span style=\"color: #ffffff;\"><b>TILLEGGSTJENESTER FOR KOMBINERT TRANSPORT<\/b><\/span><\/p>\n<p><span style=\"font-weight: 400; color: #ffffff;\">Eurokreis-gruppene har alle de tjenestene du trenger for \u00e5 gj\u00f8re livet ditt enklere. Du kan benytte deg av f\u00f8lgende tilleggstjenester: <\/span><\/p>\n<ul>\n<li style=\"font-weight: 400;\" aria-level=\"1\"><span style=\"color: #ffffff;\"><span style=\"font-weight: 400;\">tollklarering ved import\/eksport<\/span><span style=\"font-weight: 400;\">;<\/span><\/span><\/li>\n<li style=\"font-weight: 400;\" aria-level=\"1\"><span style=\"font-weight: 400; color: #ffffff;\">fortolling i henhold til artikkel 42;<\/span><\/li>\n<li style=\"font-weight: 400;\" aria-level=\"1\"><span style=\"color: #ffffff;\"><span style=\"font-weight: 400;\">Lagertjenester<\/span><span style=\"font-weight: 400;\">;<\/span><\/span><\/li>\n<li style=\"font-weight: 400;\" aria-level=\"1\"><span style=\"color: #ffffff;\"><span style=\"font-weight: 400;\">ekstra forsikring av lasten<\/span><span style=\"font-weight: 400;\">.<\/span><\/span><\/li>\n<\/ul>\n<p><span style=\"font-weight: 400; color: #ffffff;\">Trenger du billig komposittransport? Ta kontakt med Europipe hvis du har behov for kvalitetsservice, tidsfrister og er vant til \u00e5 stole p\u00e5 erfarne og h\u00f8yt utdannede eksperter! <\/span>[\/vc_column_text][\/vc_column][\/vc_row][\/vc_section]<\/p>\n","protected":false},"excerpt":{"rendered":"<p>[vc_section css=&raquo;.vc_custom_1700638880697{padding-bottom: 50px !important;}&raquo;][vc_row][vc_column width=&raquo;1\/2&#8243;][vc_column_text] EUROPIIR-KONSERNET TRANSPORTERER STYKKGODS OG FULL LAST P\u00c5 F\u00d8LGENDE RUTER: Tyrkia og Ukraina, Norge, Latvia, Litauen, Estland, Finland, Bulgaria og tilbake til Tyrkia og Ukraina. I tillegg til disse hovedrutene finnes det ogs\u00e5 andre destinasjoner (vennligst send inn en prisforesp\u00f8rsel). Vi transporterer ogs\u00e5 full- og stykkgods til sj\u00f8s og p\u00e5 vei.&hellip;<\/p>\n","protected":false},"author":7,"featured_media":0,"parent":0,"menu_order":0,"comment_status":"closed","ping_status":"closed","template":"","meta":[],"class_list":["post-4045","page","type-page","status-publish","hentry","description-off"],"_links":{"self":[{"href":"https:\/\/europiir.ee\/no\/wp-json\/wp\/v2\/pages\/4045","targetHints":{"allow":["GET"]}}],"collection":[{"href":"https:\/\/europiir.ee\/no\/wp-json\/wp\/v2\/pages"}],"about":[{"href":"https:\/\/europiir.ee\/no\/wp-json\/wp\/v2\/types\/page"}],"author":[{"embeddable":true,"href":"https:\/\/europiir.ee\/no\/wp-json\/wp\/v2\/users\/7"}],"replies":[{"embeddable":true,"href":"https:\/\/europiir.ee\/no\/wp-json\/wp\/v2\/comments?post=4045"}],"version-history":[{"count":7,"href":"https:\/\/europiir.ee\/no\/wp-json\/wp\/v2\/pages\/4045\/revisions"}],"predecessor-version":[{"id":4459,"href":"https:\/\/europiir.ee\/no\/wp-json\/wp\/v2\/pages\/4045\/revisions\/4459"}],"wp:attachment":[{"href":"https:\/\/europiir.ee\/no\/wp-json\/wp\/v2\/media?parent=4045"}],"curies":[{"name":"wp","href":"https:\/\/api.w.org\/{rel}","templated":true}]}}