{"id":4038,"date":"2023-12-14T13:26:24","date_gmt":"2023-12-14T11:26:24","guid":{"rendered":"https:\/\/camo.ee\/projektid\/europiir\/kontakt-2\/"},"modified":"2023-12-18T10:03:47","modified_gmt":"2023-12-18T08:03:47","slug":"kontakt","status":"publish","type":"page","link":"https:\/\/europiir.ee\/no\/kontakt\/","title":{"rendered":"Kontakt"},"content":{"rendered":"<p>[vc_row][vc_column][vc_empty_space height=&raquo;36px&raquo;]<div id=\"ultimate-heading-847469f2efab68f26\" class=\"uvc-heading ult-adjust-bottom-margin ultimate-heading-847469f2efab68f26 uvc-2480 \" data-hspacer=\"no_spacer\"  data-halign=\"left\" style=\"text-align:left\"><div class=\"uvc-heading-spacer no_spacer\" style=\"top\"><\/div><div class=\"uvc-main-heading ult-responsive\"  data-ultimate-target='.uvc-heading.ultimate-heading-847469f2efab68f26 h2'  data-responsive-json-new='{\"font-size\":\"desktop:26px;\",\"line-height\":\"desktop:32px;\"}' ><h2 style=\"font-weight:bold;margin-bottom:20px;\">Europiir Logistics O\u00dc - EN P\u00c5LITELIG SPEDIT\u00d8R OG FRAKTF\u00d8RER<\/h2><\/div><\/div>[vc_empty_space height=&raquo;18px&raquo;][\/vc_column][\/vc_row][vc_row][vc_column width=&raquo;1\/4&#8243;][vc_column_text]<\/p>\n<h4><span style=\"font-size: 20pt;\">ESTLAND<\/span><\/h4>\n<p>[\/vc_column_text][vc_empty_space height=&raquo;20&#8243;][vc_column_text]<\/p>\n<div align=\"left\"><strong>Europiir Logistics O\u00dc<\/strong><\/div>\n<div align=\"left\">Reg. 11551298<\/div>\n<div align=\"left\">Peterburi tee 46 \u2013 106,<\/div>\n<div align=\"left\">11415 Tallinn, Estonia<\/div>\n<div align=\"left\">KMKR. EE101456579<\/div>\n<div align=\"left\"><a href=\"mailto:info@europiir.ee\">info@europiir.ee<\/a><\/div>\n<p>[\/vc_column_text][vc_empty_space height=&raquo;20&#8243;][vc_column_text]<\/p>\n<div align=\"left\"><strong>Jekaterina Jersova<br \/>\n<\/strong><\/div>\n<div align=\"left\">Leder for logistikkavdelingen<br \/>\nStykkgods, full last<\/div>\n<div align=\"left\">Tel. <a href=\"tel:+3726838303\">+372 6 838 303<\/a><\/div>\n<div align=\"left\">Skype: <a href=\"skype:jekaterina.kodu\">jekaterina.kodu<\/a><\/div>\n<div align=\"left\">E-mail: <a href=\"mailto:trans@europiir.ee\">trans@europiir.ee<\/a><\/div>\n<div align=\"left\">            <a href=\"mailto:ekaterina@europiir.ee\">ekaterina@europiir.ee<\/a><\/div>\n<p>[\/vc_column_text][\/vc_column][vc_column width=&raquo;3\/4&#8243;][vc_gmaps link=&raquo;#E-8_JTNDaWZyYW1lJTIwc3JjJTNEJTIyaHR0cHMlM0ElMkYlMkZ3d3cuZ29vZ2xlLmNvbSUyRm1hcHMlMkZlbWJlZCUzRnBiJTNEJTIxMW0xOCUyMTFtMTIlMjExbTMlMjExZDIwMjkuMzg1NzM1MTMwMDMzNyUyMTJkMjQuODE2NjkxMzE2MDc2MjYlMjEzZDU5LjQyNjY0MDk4MTY5Mjk2JTIxMm0zJTIxMWYwJTIxMmYwJTIxM2YwJTIxM20yJTIxMWkxMDI0JTIxMmk3NjglMjE0ZjEzLjElMjEzbTMlMjExbTIlMjExczB4NDY5MmVjYTYxMmQ5ZmFhMyUyNTNBMHgyNjQzODdkMzc0NTk2YzcwJTIxMnpVR1YwWlhKaWRYSnBJSFJsWlNBME5pd2dNVEUwTVRVZ1ZHRnNiR2x1Yml3ZzBLM1JnZEdDMEw3UXZkQzQwWTglMjE1ZTAlMjEzbTIlMjExc3J1JTIxMnNlcyUyMTR2MTUzNzY0NDQzMDY0MSUyMiUyMHdpZHRoJTNEJTIyNjAwJTIyJTIwaGVpZ2h0JTNEJTIyNDUwJTIyJTIwZnJhbWVib3JkZXIlM0QlMjIwJTIyJTIwc3R5bGUlM0QlMjJib3JkZXIlM0EwJTIyJTIwYWxsb3dmdWxsc2NyZWVuJTNEJTIyJTIyJTNFJTNDJTJGaWZyYW1lJTNF&raquo;][\/vc_column][\/vc_row][vc_row][vc_column][vc_empty_space][\/vc_column][\/vc_row][vc_row][vc_column width=&raquo;1\/3&#8243;][vc_column_text]<strong>Danil Dushakov<\/strong><br \/>\nBeregning av transport<br \/>\nTel. +372 55 512 893<br \/>\nSkype: live:.cid.275a88d6dc6f82e0<br \/>\nE-mail: <a href=\"mailto:trade@europiir.ee\" target=\"_blank\" rel=\"noopener noreferrer\">trade@europiir.ee<\/a>[\/vc_column_text][\/vc_column][vc_column width=&raquo;1\/3&#8243;][vc_column_text]<\/p>\n<div align=\"left\"><strong>Roman Krasnjuk<\/strong><\/div>\n<div align=\"left\">Delvise laster, fulle laster<\/div>\n<div align=\"left\">Tel. <a href=\"tel:+37255512891\">+372 55 512 891<\/a><\/div>\n<div align=\"left\">Skype: <a href=\"skype:romanproff\">romanproff<\/a><\/div>\n<div align=\"left\">E-mail: <a href=\"mailto:roman@europiir.ee\">roman@europiir.ee<\/a><\/div>\n<p>[\/vc_column_text][\/vc_column][vc_column width=&raquo;1\/3&#8243;][vc_column_text]<\/p>\n<div><strong>Daria Valiaeva<\/strong><\/div>\n<div>Transportleder<\/div>\n<div>Mob. <a href=\"tel:+37255515806\">+37255515806<\/a><\/div>\n<div>Skype: <a href=\"skype:europiir.logistics\">europiir.logistics<\/a><\/div>\n<div>E-mail: <a href=\"mailto:sales@europiir.ee\" target=\"_blank\" rel=\"noopener noreferrer\">sales@europiir.ee<\/a><\/div>\n<p>[\/vc_column_text][\/vc_column][\/vc_row][vc_row][vc_column][vc_empty_space][\/vc_column][\/vc_row][vc_row][vc_column width=&raquo;1\/3&#8243;][vc_column_text]<\/p>\n<div align=\"left\"><strong>Artjom Aleksejev<br \/>\n<\/strong><\/div>\n<div align=\"left\">Transportleder<\/div>\n<div align=\"left\">Tel. <a href=\"tel:+37255512894\">+372 55 512 894<\/a><\/div>\n<div align=\"left\">Skype: <a href=\"skype:europiir4\">europiir4<\/a><\/div>\n<div align=\"left\">E-mail: <a href=\"mailto:artem@europiir.ee\">artem@europiir.ee<\/a><\/div>\n<p>[\/vc_column_text][\/vc_column][vc_column width=&raquo;1\/3&#8243;][vc_column_text]<\/p>\n<div align=\"left\"><strong>Yurii Svenson<\/strong><\/div>\n<div align=\"left\">Delvise laster, fulle laster<\/div>\n<div align=\"left\">\n<div align=\"left\">Tel. <a href=\"tel:+37256605184\">+372 56 605 184<\/a><\/div>\n<div align=\"left\">Skype: <a href=\"tel:juri.svenson\">juri.svenson<\/a><\/div>\n<div align=\"left\">E-mail: <a href=\"mailto:svenson@europiir.ee\">svenson@europiir.ee<\/a><\/div>\n<\/div>\n<p>[\/vc_column_text][\/vc_column][vc_column width=&raquo;1\/3&#8243;][vc_column_text]<\/p>\n<div align=\"left\"><\/div>\n<div align=\"left\"><strong>Eduard Gorev<\/strong><\/div>\n<div align=\"left\">Stykkgods fra Russland til Europa<\/div>\n<div align=\"left\">\n<div align=\"left\">Tel. <a href=\"tel:+37255515882\">+372 55 515 882<\/a><\/div>\n<div align=\"left\">Skype: <a href=\"tel:lukmanov.europiir\">lukmanov.europiir<\/a><\/div>\n<div align=\"left\">E-mail: <a href=\"mailto:transport@europiir.ee\">transport@europiir.ee<\/a><\/div>\n<\/div>\n<p>[\/vc_column_text][\/vc_column][\/vc_row][vc_row el_id=&raquo;kontakti-vorm&raquo; css=&raquo;.vc_custom_1702552066254{padding-top: 50px !important;}&raquo;][vc_column][vc_empty_space height=&raquo;18px&raquo;]<div id=\"ultimate-heading-217969f2efab6902f\" class=\"uvc-heading ult-adjust-bottom-margin ultimate-heading-217969f2efab6902f uvc-1734 \" data-hspacer=\"no_spacer\"  data-halign=\"left\" style=\"text-align:left\"><div class=\"uvc-heading-spacer no_spacer\" style=\"top\"><\/div><div class=\"uvc-main-heading ult-responsive\"  data-ultimate-target='.uvc-heading.ultimate-heading-217969f2efab6902f h3'  data-responsive-json-new='{\"font-size\":\"desktop:26px;\",\"line-height\":\"desktop:32px;\"}' ><h3 style=\"font-weight:bold;margin-bottom:20px;\">KONTAKT OSS<\/h3><\/div><div class=\"uvc-sub-heading ult-responsive\"  data-ultimate-target='.uvc-heading.ultimate-heading-217969f2efab6902f .uvc-sub-heading '  data-responsive-json-new='{\"font-size\":\"\",\"line-height\":\"\"}'  style=\"font-weight:normal;\"><em>Vi vil svare deg s\u00e5 snart som mulig.<\/em><\/div><\/div>[vc_empty_space height=&raquo;16px&raquo;][vc_column_text]<div data-uniq='69f2efab6c5ed' class='uniq-69f2efab6c5ed formcraft-css form-live align-left'><div class='form-logic'>[]<\/div><div class=\"fc-pagination-cover fc-pagination-1\">\n\t\t\t\t<div class=\"fc-pagination width-100\">\n\t\t\t\t\t<div class=\"pagination-trigger \" data-index=\"0\">\n\t\t\t\t\t\t<span class=\"page-number\"><span >1<\/span><\/span>\n\t\t\t\t\t\t<span class=\"page-name \">Step 1<\/span>\n\t\t\t\t\t\t\n\t\t\t\t\t<\/div>\n\t\t\t\t<\/div>\n\t\t\t<\/div>\n\t\t\t\n\t\t\t<style scoped=\"scoped\" >\n\t\t\t@media (max-width : 480px) {\n\t\t\t\t.fc_modal-dialog-11 .fc-pagination-cover .fc-pagination\n\t\t\t\t{\n\t\t\t\t\tbackground-color: white !important;\n\t\t\t\t}\n\t\t\t}\n\t\t\t\t\t\t.formcraft-css .fc-form.fc-form-11 .form-element .submit-cover .submit-button,\n\t\t\t.formcraft-css .fc-form.fc-form-11 .form-element .fileupload-cover .button-file,\n\t\t\t.formcraft-css .fc-form.fc-form-11 .form-element .field-cover .button,\n\t\t\t.formcraft-datepicker .ui-datepicker-header,\n\t\t\t.formcraft-datepicker .ui-datepicker-title\n\t\t\t{\n\t\t\t\tbackground: #ee9a00;\n\t\t\t\tcolor: #fff;\n\t\t\t}\n\t\t\t.formcraft-datepicker td .ui-state-active,\n\t\t\t.formcraft-datepicker td .ui-state-hover,\n\t\t\t.formcraft-css .fc-form.fc-form-11 .form-element .slider-cover .ui-slider-range\n\t\t\t{\n\t\t\t\tbackground: #ee9a00;\n\t\t\t}\n\t\t\t#ui-datepicker-div.formcraft-datepicker .ui-datepicker-header,\n\t\t\t.formcraft-css .fc-form .field-cover>div.full hr\n\t\t\t{\n\t\t\t\tborder-color: #d18700;\n\t\t\t}\n\t\t\t#ui-datepicker-div.formcraft-datepicker .ui-datepicker-prev:hover,\n\t\t\t#ui-datepicker-div.formcraft-datepicker .ui-datepicker-next:hover,\n\t\t\t#ui-datepicker-div.formcraft-datepicker select.ui-datepicker-month:hover,\n\t\t\t#ui-datepicker-div.formcraft-datepicker select.ui-datepicker-year:hover\n\t\t\t{\n\t\t\t\tbackground-color: #d18700;\n\t\t\t}\n\t\t\t.formcraft-css .fc-pagination>div.active .page-number,\n\t\t\t.formcraft-css .form-cover-builder .fc-pagination>div:first-child .page-number\n\t\t\t{\n\t\t\t\tbackground-color: #4488ee;\n\t\t\t\tcolor: #fff;\n\t\t\t}\n\t\t\t#ui-datepicker-div.formcraft-datepicker table.ui-datepicker-calendar th,\n\t\t\t#ui-datepicker-div.formcraft-datepicker table.ui-datepicker-calendar td.ui-datepicker-today a,\n\t\t\t.formcraft-css .fc-form.fc-form-11 .form-element .star-cover label,\n\t\t\thtml .formcraft-css .fc-form.label-floating .form-element .field-cover.has-focus>span,\n\t\t\t.formcraft-css .fc-form.fc-form-11 .form-element .customText-cover a,\n\t\t\t.formcraft-css .prev-next>div span:hover\n\t\t\t{\n\t\t\t\tcolor: #ee9a00;\n\t\t\t}\n\t\t\t.formcraft-css .fc-form.fc-form-11 .form-element .customText-cover a:hover\n\t\t\t{\n\t\t\t\tcolor: #d18700;\n\t\t\t}\n\t\t\thtml .formcraft-css .fc-form.fc-form-11.label-floating .form-element .field-cover > span\n\t\t\t{\n\t\t\t\tcolor: #666666;\n\t\t\t}\n\t\t\thtml .formcraft-css .fc-form .final-success .final-success-check {\n\t\t\t\tborder: 2px solid #666666;\n\t\t\t}\n\t\t\t.formcraft-css .fc-form.fc-form-11 .form-element .field-cover input[type=\"text\"],\n\t\t\t.formcraft-css .fc-form.fc-form-11 .form-element .field-cover input[type=\"email\"],\n\t\t\t.formcraft-css .fc-form.fc-form-11 .form-element .field-cover input[type=\"password\"],\n\t\t\t.formcraft-css .fc-form.fc-form-11 .form-element .field-cover input[type=\"tel\"],\n\t\t\t.formcraft-css .fc-form.fc-form-11 .form-element .field-cover textarea,\n\t\t\t.formcraft-css .fc-form.fc-form-11 .form-element .field-cover select,\n\t\t\t.formcraft-css .fc-form.fc-form-11 .form-element .field-cover .time-fields-cover,\n\t\t\t.formcraft-css .fc-form.fc-form-11 .form-element .field-cover .awesomplete ul\n\t\t\t{\n\t\t\t\tcolor: #777;\n\t\t\t}\n\t\t\t.formcraft-css .fc-form.fc-form-11 .form-element .field-cover input[type=\"text\"],\n\t\t\t.formcraft-css .fc-form.fc-form-11 .form-element .field-cover input[type=\"password\"],\n\t\t\t.formcraft-css .fc-form.fc-form-11 .form-element .field-cover input[type=\"email\"],\n\t\t\t.formcraft-css .fc-form.fc-form-11 .form-element .field-cover input[type=\"radio\"],\n\t\t\t.formcraft-css .fc-form.fc-form-11 .form-element .field-cover input[type=\"checkbox\"],\n\t\t\t.formcraft-css .fc-form.fc-form-11 .form-element .field-cover input[type=\"tel\"],\n\t\t\t.formcraft-css .fc-form.fc-form-11 .form-element .field-cover select,\n\t\t\t.formcraft-css .fc-form.fc-form-11 .form-element .field-cover textarea\n\t\t\t{\n\t\t\t\tbackground-color: #fafafa;\n\t\t\t}\n\t\t\t.formcraft-css .fc-form.fc-form-11 .form-element .field-cover input[type=\"radio\"]:checked,\n\t\t\t.formcraft-css .fc-form.fc-form-11 .form-element .field-cover input[type=\"checkbox\"]:checked {\n\t\t\t\tborder-color: #d18700;\n\t\t\t\tbackground: #ee9a00;\t\t\t\t\n\t\t\t}\n\t\t\t.formcraft-css .fc-form.fc-form-11 .form-element .star-cover label .star\n\t\t\t{\n\t\t\t\ttext-shadow: 0px 1px 0px #d18700;\n\t\t\t}\n\t\t\t.formcraft-css .fc-form.fc-form-11 .form-element .slider-cover .ui-slider-range\n\t\t\t{\n\t\t\t\tbox-shadow: 0px 1px 1px #d18700 inset;\n\t\t\t}\n\t\t\t.formcraft-css .fc-form.fc-form-11 .form-element .fileupload-cover .button-file\n\t\t\t{\n\t\t\t\tborder-color: #d18700;\n\t\t\t}\n\t\t\t.formcraft-css .fc-form.fc-form-11 .form-element .form-element-html input[type=\"password\"]:focus,\n\t\t\t.formcraft-css .fc-form.fc-form-11 .form-element .form-element-html input[type=\"email\"]:focus,\n\t\t\t.formcraft-css .fc-form.fc-form-11 .form-element .form-element-html input[type=\"tel\"]:focus,\n\t\t\t.formcraft-css .fc-form.fc-form-11 .form-element .form-element-html input[type=\"text\"]:focus,\n\t\t\t.formcraft-css .fc-form.fc-form-11 .form-element .form-element-html textarea:focus,\n\t\t\t.formcraft-css .fc-form.fc-form-11 .form-element .form-element-html select:focus\n\t\t\t{\n\t\t\t\tborder-color: #ee9a00;\n\t\t\t}\n\t\t\t.formcraft-css .fc-form.fc-form-11 .form-element .form-element-html .field-cover .is-read-only:focus {\n\t\t\t\tborder-color: #ccc;\n\t\t\t}\n\t\t\t.formcraft-css .fc-form.fc-form-11\t\t\t{\n\t\t\t\tfont-family: inherit;\n\t\t\t}\n\t\t\t@media (max-width : 480px) {\n\t\t\t\thtml .dedicated-page,\n\t\t\t\thtml .dedicated-page .formcraft-css .fc-pagination > div.active\n\t\t\t\t{\n\t\t\t\t\tbackground: white;\n\t\t\t\t}\n\t\t\t}\n\t\t<\/style>\n\t\t<div class=\"form-cover\">\n\t\t\t<form data-auto-scroll=\"\" data-no-message-redirect=\"\" data-thousand=\"\" data-decimal=\".\" data-delay=\"\" data-id=\"11\" class=\"fc-form fc-form-11 align- fc-temp-class spin- save-form- dont-submit-hidden- disable-enter- label-floating field-border-visible frame-visible remove-asterisk-true icons-hide-true field-alignment-left\" style=\"width: 100%; color: #666666; font-size: 100%; background: white\">\n\t\t\t\t<div class=\"form-page form-page-0\" data-index=\"0\">\n\t\t\t\t\t\n\t\t\t\t\t<div class=\"form-page-content     \">\n\t\t\t\t\t\t<div data-identifier=\"field2\" data-index=\"0\" style=\"width: 100%\" class=\" form-element form-element-field2 options-false index-false form-element-0 default-false form-element-type-oneLineText is-required-true odd -handle\">\n\t\t\t\t\t\t\t<div class=\"form-element-html\"><div ><label class=\"oneLineText-cover field-cover \"><span class=\"sub-label-false\"><span class=\"main-label\"><span >Navn<\/span><\/span><span class=\"sub-label\"><\/span><\/span><div><span class=\"error\"><\/span><input type=\"text\" placeholder=\"\" make-read-only=\"false\" data-field-id=\"field2\" name=\"field2[]\" data-min-char=\"\" data-max-char=\"\" data-val-type=\"\" data-regexp=\"\" data-is-required=\"true\" data-allow-spaces=\"\" class=\"validation-lenient\" data-placement=\"right\" data-toggle=\"tooltip\" tooltip=\"\" data-trigger=\"focus\" data-html=\"true\" data-input-mask=\"\" data-mask-placeholder=\"\" data-original-title=\"\"><i class=\"formcraft-icon formcraft-icon-type-\"><\/i><\/div><\/label><\/div><\/div>\n\t\t\t\t\t\t\t\n\t\t\t\t\t\t<\/div><div data-identifier=\"field1\" data-index=\"1\" style=\"width: 100%\" class=\" even form-element form-element-field1 options-false index-false form-element-1 default-false form-element-type-oneLineText is-required-true -handle\">\n\t\t\t\t\t\t\t<div class=\"form-element-html\"><div ><label class=\"oneLineText-cover field-cover \"><span class=\"sub-label-false\"><span class=\"main-label\"><span >Telefon<\/span><\/span><span class=\"sub-label\"><\/span><\/span><div><span class=\"error\"><\/span><input type=\"text\" placeholder=\"\" make-read-only=\"false\" data-field-id=\"field1\" name=\"field1[]\" data-min-char=\"\" data-max-char=\"\" data-val-type=\"\" data-regexp=\"\" data-is-required=\"true\" data-allow-spaces=\"\" class=\"validation-lenient\" data-placement=\"right\" data-toggle=\"tooltip\" tooltip=\"\" data-trigger=\"focus\" data-html=\"true\" data-input-mask=\"\" data-mask-placeholder=\"\" data-original-title=\"\"><i class=\"formcraft-icon formcraft-icon-type-\"><\/i><\/div><\/label><\/div><\/div>\n\t\t\t\t\t\t\t\n\t\t\t\t\t\t<\/div><div data-identifier=\"field7\" data-index=\"2\" style=\"width: 100%\" class=\" form-element form-element-field7 options-false index-false form-element-2 default-false form-element-type-email is-required-false odd -handle\">\n\t\t\t\t\t\t\t<div class=\"form-element-html\"><div ><label class=\"email-cover field-cover \"><span class=\"sub-label-true\"><span class=\"main-label\"><span >E-post<\/span><\/span><span class=\"sub-label\"><\/span><\/span><div><span class=\"error\"><\/span><input placeholder=\"\" data-field-id=\"field7\" type=\"text\" data-val-type=\"email\" make-read-only=\"\" data-is-required=\"false\" name=\"field7\" class=\"validation-lenient\" data-placement=\"right\" data-toggle=\"tooltip\" tooltip=\"\" data-trigger=\"focus\" data-html=\"true\" data-original-title=\"\"><i class=\"formcraft-icon\">email<\/i><\/div><\/label><\/div><\/div>\n\t\t\t\t\t\t\t\n\t\t\t\t\t\t<\/div><div data-identifier=\"field4\" data-index=\"3\" style=\"width: 100%\" class=\" even form-element form-element-field4 options-false index-false form-element-3 default-false form-element-type-oneLineText is-required-false -handle\">\n\t\t\t\t\t\t\t<div class=\"form-element-html\"><div ><label class=\"oneLineText-cover field-cover \"><span class=\"sub-label-false\"><span class=\"main-label\"><span >Selskapets navn<\/span><\/span><span class=\"sub-label\"><\/span><\/span><div><span class=\"error\"><\/span><input type=\"text\" placeholder=\"\" make-read-only=\"false\" data-field-id=\"field4\" name=\"field4[]\" data-min-char=\"\" data-max-char=\"\" data-val-type=\"\" data-regexp=\"\" data-is-required=\"false\" data-allow-spaces=\"\" class=\"validation-lenient\" data-placement=\"right\" data-toggle=\"tooltip\" tooltip=\"\" data-trigger=\"focus\" data-html=\"true\" data-input-mask=\"\" data-mask-placeholder=\"\" data-original-title=\"\"><i class=\"formcraft-icon formcraft-icon-type-\"><\/i><\/div><\/label><\/div><\/div>\n\t\t\t\t\t\t\t\n\t\t\t\t\t\t<\/div><div data-identifier=\"field5\" data-index=\"4\" style=\"width: 100%\" class=\" form-element form-element-field5 options-false index-false form-element-4 default-false form-element-type-textarea is-required-true odd -handle\">\n\t\t\t\t\t\t\t<div class=\"form-element-html\"><div ><label class=\"textarea-cover field-cover \"><span class=\"sub-label-false\"><span class=\"main-label\"><span >Melding<\/span><\/span><span class=\"sub-label\"><\/span><\/span><div><span class=\"error\"><\/span><textarea data-field-id=\"field5\" placeholder=\"\" class=\"validation-lenient\" name=\"field5\" value=\"\" rows=\"5\" data-min-char=\"\" data-max-char=\"\" data-is-required=\"true\" data-placement=\"right\" data-toggle=\"tooltip\" tooltip=\"\" data-trigger=\"focus\" data-html=\"true\" data-original-title=\"\" style=\"min-height: 107.938px\"><\/textarea><div class=\"count-\"><span class=\"current-count\">0<\/span> \/ <span class=\"max-count \"><\/span><\/div><\/div><\/label><\/div><\/div>\n\t\t\t\t\t\t\t\n\t\t\t\t\t\t<\/div><div data-identifier=\"field6\" data-index=\"5\" style=\"width: 100%\" class=\" even form-element form-element-field6 options-false index-false form-element-5 default-false form-element-type-submit is-required-false -handle\">\n\t\t\t\t\t\t\t<div class=\"form-element-html\"><div ><div class=\"align-right wide-false submit-cover field-cover\"><button type=\"submit\" class=\"button submit-button\"><span class=\"text \">Sende<\/span><span class=\"spin-cover\"><i style=\"color:\" class=\"loading-icon icon-cog animate-spin\"><\/i><\/span><\/button><\/div><div class=\"submit-response \"><\/div><label ><input type=\"text\" class=\"required_field\" name=\"website\" autocomplete=\"maple-syrup-pot\"><\/label><\/div><\/div>\n\t\t\t\t\t\t\t\n\t\t\t\t\t\t<\/div><div data-identifier=\"field8\" data-index=\"6\" style=\"width: 100%\" class=\" form-element form-element-field8 options- index- form-element-6 default-false form-element-type-reCaptcha is-required-false odd -handle\">\n\t\t\t\t\t\t\t<div class=\"form-element-html\"><div ><div data-site-key=\"6LfF4ccpAAAAAFrBYq3U3HKGsePomyiSuDBWExzV\" class=\"captcha-placeholder \">reCaptcha v3<\/div><input type=\"hidden\" class=\"recaptcha-token \" name=\"recaptcha-token\"><\/div><\/div>\n\t\t\t\t\t\t\t\n\t\t\t\t\t\t<\/div>\n\t\t\t\t\t<\/div>\n\t\t\t\t<\/div>\n\t\t\t<\/form>\n\t\t\t<div class=\"prev-next prev-next-1\" style=\"width: 100%; color: #666666; font-size: 100%; background: white\">\n\t\t\t\t<div><label><input type=\"text\" class=\"  \"><\/label><span class=\"inactive page-prev \"><i class=\"formcraft-icon\">keyboard_arrow_left<\/i>Previous<\/span><\/div>\n\t\t\t\t<div><label><input type=\"text\" class=\"  \"><\/label><span class=\"page-next \">Next<i class=\"formcraft-icon\">keyboard_arrow_right<\/i><\/span><\/div>\n\t\t\t<\/div>\n\t\t<\/div><a class=\"powered-by\" target=\"_blank\" href=\"http:\/\/formcraft-wp.com?source=pb\"\/>FormCraft - WordPress form builder<\/a><\/div>[\/vc_column_text][vc_empty_space height=&raquo;18px&raquo;][\/vc_column][\/vc_row][vc_row][\/vc_row][vc_column width=&raquo;1\/4&#8243;][\/vc_column][vc_column_text][\/vc_column_text]<\/p>\n","protected":false},"excerpt":{"rendered":"<p>[vc_row][vc_column][vc_empty_space height=&raquo;36px&raquo;][vc_empty_space height=&raquo;18px&raquo;][\/vc_column][\/vc_row][vc_row][vc_column width=&raquo;1\/4&#8243;][vc_column_text] ESTLAND [\/vc_column_text][vc_empty_space height=&raquo;20&#8243;][vc_column_text] Europiir Logistics O\u00dc Reg. 11551298 Peterburi tee 46 \u2013 106, 11415 Tallinn, Estonia KMKR. EE101456579 info@europiir.ee [\/vc_column_text][vc_empty_space height=&raquo;20&#8243;][vc_column_text] Jekaterina Jersova Leder for logistikkavdelingen Stykkgods, full last Tel. +372 6 838 303 Skype: jekaterina.kodu E-mail: trans@europiir.ee ekaterina@europiir.ee [\/vc_column_text][\/vc_column][vc_column width=&raquo;3\/4&#8243;][vc_gmaps link=&raquo;#E-8_JTNDaWZyYW1lJTIwc3JjJTNEJTIyaHR0cHMlM0ElMkYlMkZ3d3cuZ29vZ2xlLmNvbSUyRm1hcHMlMkZlbWJlZCUzRnBiJTNEJTIxMW0xOCUyMTFtMTIlMjExbTMlMjExZDIwMjkuMzg1NzM1MTMwMDMzNyUyMTJkMjQuODE2NjkxMzE2MDc2MjYlMjEzZDU5LjQyNjY0MDk4MTY5Mjk2JTIxMm0zJTIxMWYwJTIxMmYwJTIxM2YwJTIxM20yJTIxMWkxMDI0JTIxMmk3NjglMjE0ZjEzLjElMjEzbTMlMjExbTIlMjExczB4NDY5MmVjYTYxMmQ5ZmFhMyUyNTNBMHgyNjQzODdkMzc0NTk2YzcwJTIxMnpVR1YwWlhKaWRYSnBJSFJsWlNBME5pd2dNVEUwTVRVZ1ZHRnNiR2x1Yml3ZzBLM1JnZEdDMEw3UXZkQzQwWTglMjE1ZTAlMjEzbTIlMjExc3J1JTIxMnNlcyUyMTR2MTUzNzY0NDQzMDY0MSUyMiUyMHdpZHRoJTNEJTIyNjAwJTIyJTIwaGVpZ2h0JTNEJTIyNDUwJTIyJTIwZnJhbWVib3JkZXIlM0QlMjIwJTIyJTIwc3R5bGUlM0QlMjJib3JkZXIlM0EwJTIyJTIwYWxsb3dmdWxsc2NyZWVuJTNEJTIyJTIyJTNFJTNDJTJGaWZyYW1lJTNF&raquo;][\/vc_column][\/vc_row][vc_row][vc_column][vc_empty_space][\/vc_column][\/vc_row][vc_row][vc_column width=&raquo;1\/3&#8243;][vc_column_text]Danil Dushakov Beregning av transport Tel. +372 55 512&hellip;<\/p>\n","protected":false},"author":7,"featured_media":0,"parent":0,"menu_order":0,"comment_status":"closed","ping_status":"closed","template":"","meta":[],"class_list":["post-4038","page","type-page","status-publish","hentry","description-off"],"_links":{"self":[{"href":"https:\/\/europiir.ee\/no\/wp-json\/wp\/v2\/pages\/4038","targetHints":{"allow":["GET"]}}],"collection":[{"href":"https:\/\/europiir.ee\/no\/wp-json\/wp\/v2\/pages"}],"about":[{"href":"https:\/\/europiir.ee\/no\/wp-json\/wp\/v2\/types\/page"}],"author":[{"embeddable":true,"href":"https:\/\/europiir.ee\/no\/wp-json\/wp\/v2\/users\/7"}],"replies":[{"embeddable":true,"href":"https:\/\/europiir.ee\/no\/wp-json\/wp\/v2\/comments?post=4038"}],"version-history":[{"count":4,"href":"https:\/\/europiir.ee\/no\/wp-json\/wp\/v2\/pages\/4038\/revisions"}],"predecessor-version":[{"id":4044,"href":"https:\/\/europiir.ee\/no\/wp-json\/wp\/v2\/pages\/4038\/revisions\/4044"}],"wp:attachment":[{"href":"https:\/\/europiir.ee\/no\/wp-json\/wp\/v2\/media?parent=4038"}],"curies":[{"name":"wp","href":"https:\/\/api.w.org\/{rel}","templated":true}]}}