{"id":4035,"date":"2023-12-14T15:33:37","date_gmt":"2023-12-14T13:33:37","guid":{"rendered":"https:\/\/camo.ee\/projektid\/europiir\/om-selskapet\/"},"modified":"2023-12-18T09:56:13","modified_gmt":"2023-12-18T07:56:13","slug":"om-selskapet","status":"publish","type":"page","link":"https:\/\/europiir.ee\/no\/om-selskapet\/","title":{"rendered":"Om selskapet"},"content":{"rendered":"<p>[vc_row type=&raquo;vc_default&raquo; css=&raquo;.vc_custom_1476008791393{padding-top: 70px !important;padding-bottom: 25px !important;}&raquo;][vc_column offset=&raquo;vc_col-lg-6 vc_col-md-6 vc_col-xs-12&#8243; css=&raquo;.vc_custom_1476005293248{padding-bottom: 50px !important;}&raquo;]<div id=\"ultimate-heading-873769deeba6e20ee\" class=\"uvc-heading ult-adjust-bottom-margin ultimate-heading-873769deeba6e20ee uvc-5405 \" data-hspacer=\"no_spacer\"  data-halign=\"left\" style=\"text-align:left\"><div class=\"uvc-heading-spacer no_spacer\" style=\"top\"><\/div><div class=\"uvc-main-heading ult-responsive\"  data-ultimate-target='.uvc-heading.ultimate-heading-873769deeba6e20ee h2'  data-responsive-json-new='{\"font-size\":\"desktop:26px;\",\"line-height\":\"desktop:32px;\"}' ><h2 style=\"font-weight:bold;margin-bottom:20px;\">EUROPIIR LOGISTICS O\u00dc - OMFATTENDE TRANSPORT- OG LOGISTIKKTJENESTER!<\/h2><\/div><\/div>[vc_column_text]Et internasjonalt, diversifisert selskap som siden 2008 har spesialisert seg p\u00e5 \u00e5 tilby det n\u00f8dvendige og optimale komplekset av transport- og logistikktjenester innen organisering av godstransport p\u00e5 vei, jernbane, sj\u00f8 og i luften. I dag dekker transportgeografien mer enn 100 land: Europeiske og asiatiske land, Skandinavia, Nord- og S\u00f8r-Amerika, India, Brasil, Ukraina, Tyrkia, Kirgisistan og Kasakhstan.<\/p>\n<p>Vi er engasjert i alle typer godstransport, inkludert levering fra d\u00f8r til d\u00f8r eller \u00abd\u00f8r til d\u00f8r\u00bb med kj\u00f8p av varer fra leverand\u00f8ren. Du trenger bare \u00e5 sende en s\u00f8knad til Europiir Logistics O\u00dc, alt annet, etter avtale med deg, vil bli utf\u00f8rt av selskapets spesialister. Det betyr at du ikke lenger trenger \u00e5 kaste bort verdifull tid p\u00e5 \u00e5 lete etter en egnet transport\u00f8r eller spedit\u00f8r, eller bekymre deg for sikkerheten til lasten din og leveringstiden.<\/p>\n<p>Europiir Logistics OU leverer lasten din raskt og p\u00e5litelig nesten hvor som helst i verden, og selskapets erfarne medarbeidere er i stand til \u00e5 forutse og raskt l\u00f8se eventuelle vanskelige situasjoner under hele transport- og logistikkprosessen.<\/p>\n<p>Europiir Logistics OU har kontorer i Estland, Tyrkia og Bulgaria. I alle disse landene tilbyr vi toll- og lagertjenester.[\/vc_column_text][\/vc_column][vc_column offset=&raquo;vc_col-lg-6 vc_col-md-6 vc_col-xs-12&#8243; css=&raquo;.vc_custom_1476005300152{padding-bottom: 50px !important;}&raquo;]<div id=\"ultimate-heading-145069deeba6e21d7\" class=\"uvc-heading ult-adjust-bottom-margin ultimate-heading-145069deeba6e21d7 uvc-5510 \" data-hspacer=\"no_spacer\"  data-halign=\"left\" style=\"text-align:left\"><div class=\"uvc-heading-spacer no_spacer\" style=\"top\"><\/div><div class=\"uvc-main-heading ult-responsive\"  data-ultimate-target='.uvc-heading.ultimate-heading-145069deeba6e21d7 h2'  data-responsive-json-new='{\"font-size\":\"desktop:26px;\",\"line-height\":\"desktop:32px;\"}' ><h2 style=\"font-weight:bold;margin-bottom:20px;\">V\u00c5R ERFARING<\/h2><\/div><\/div>[vc_progress_bar values=&raquo;%5B%7B%22label%22%3A%22KONTORER%20I%20140%20LAND%22%2C%22value%22%3A%22110%22%7D%2C%7B%22label%22%3A%22MER%20ENN%20500%20FORN%C3%98YDE%20SELSKAPER%22%2C%22value%22%3A%22200%22%7D%2C%7B%22label%22%3A%22MER%20ENN%20275%20ENHETER%20TRANSPORTUTSTYR%22%2C%22value%22%3A%22225%22%7D%2C%7B%22label%22%3A%22MER%20ENN%20400%20EKSPERTER%20INNVOLERT%22%2C%22value%22%3A%22400%22%7D%5D&raquo; options=&raquo;striped,animated&raquo; caption_pos=&raquo;top&raquo;][vc_empty_space][vc_separator][vc_empty_space][vc_single_image image=&raquo;2992&#8243; img_size=&raquo;full&raquo;][\/vc_column][\/vc_row]<\/p>\n","protected":false},"excerpt":{"rendered":"<p>[vc_row type=&raquo;vc_default&raquo; css=&raquo;.vc_custom_1476008791393{padding-top: 70px !important;padding-bottom: 25px !important;}&raquo;][vc_column offset=&raquo;vc_col-lg-6 vc_col-md-6 vc_col-xs-12&#8243; css=&raquo;.vc_custom_1476005293248{padding-bottom: 50px !important;}&raquo;][vc_column_text]Et internasjonalt, diversifisert selskap som siden 2008 har spesialisert seg p\u00e5 \u00e5 tilby det n\u00f8dvendige og optimale komplekset av transport- og logistikktjenester innen organisering av godstransport p\u00e5 vei, jernbane, sj\u00f8 og i luften. I dag dekker transportgeografien mer enn 100 land: Europeiske og&hellip;<\/p>\n","protected":false},"author":7,"featured_media":0,"parent":0,"menu_order":0,"comment_status":"closed","ping_status":"closed","template":"","meta":[],"class_list":["post-4035","page","type-page","status-publish","hentry","description-off"],"_links":{"self":[{"href":"https:\/\/europiir.ee\/no\/wp-json\/wp\/v2\/pages\/4035","targetHints":{"allow":["GET"]}}],"collection":[{"href":"https:\/\/europiir.ee\/no\/wp-json\/wp\/v2\/pages"}],"about":[{"href":"https:\/\/europiir.ee\/no\/wp-json\/wp\/v2\/types\/page"}],"author":[{"embeddable":true,"href":"https:\/\/europiir.ee\/no\/wp-json\/wp\/v2\/users\/7"}],"replies":[{"embeddable":true,"href":"https:\/\/europiir.ee\/no\/wp-json\/wp\/v2\/comments?post=4035"}],"version-history":[{"count":2,"href":"https:\/\/europiir.ee\/no\/wp-json\/wp\/v2\/pages\/4035\/revisions"}],"predecessor-version":[{"id":4037,"href":"https:\/\/europiir.ee\/no\/wp-json\/wp\/v2\/pages\/4035\/revisions\/4037"}],"wp:attachment":[{"href":"https:\/\/europiir.ee\/no\/wp-json\/wp\/v2\/media?parent=4035"}],"curies":[{"name":"wp","href":"https:\/\/api.w.org\/{rel}","templated":true}]}}