{"id":4028,"date":"2023-12-14T16:22:32","date_gmt":"2023-12-14T14:22:32","guid":{"rendered":"https:\/\/camo.ee\/projektid\/europiir\/pakalpojumi\/"},"modified":"2024-11-12T12:06:31","modified_gmt":"2024-11-12T10:06:31","slug":"pakalpojumi","status":"publish","type":"page","link":"https:\/\/europiir.ee\/lv\/pakalpojumi\/","title":{"rendered":"Pakalpojumi"},"content":{"rendered":"<p>[vc_section css=&#8221;.vc_custom_1700638880697{padding-bottom: 50px !important;}&#8221;][vc_row][vc_column width=&#8221;1\/2&#8243;][vc_column_text]<\/p>\n<h2>Uz\u0146\u0113mumu grupa Europiir pieg\u0101d\u0101 kombin\u0113t\u0101s un piln\u0101s kravas \u0161\u0101dos mar\u0161rutos:<\/h2>\n<p>no Turcijas un Ukrainas uz Norv\u0113\u0123iju, Latviju, Lietuvu, Igauniju, Somiju, Bulg\u0101riju un atpaka\u013c uz Turciju un Ukrainu. Papildus nor\u0101d\u012btajiem galvenajiem mar\u0161rutiem ir ar\u012b citi virzieni. Iesniedziet <a href=\"https:\/\/europiir.ee\/lv\/cenas-pieprasijums\/\">cenas pied\u0101v\u0101juma piepras\u012bjumu<\/a>.<\/p>\n<p>M\u016bsu uz\u0146\u0113mums p\u0101rvad\u0101 ar\u012b pilnas un negabar\u012bta kravas pa j\u016bru un ar autotransportu. Lai apr\u0113\u0137in\u0101tu cenu, l\u016bdzu, ats\u016btiet mums cenas apr\u0113\u0137ina veidlapu vai uzrakstiet uz e-pastu <a href=\"mailto:%D1%80%D0%B3%D1%96%D1%81%D0%B5@europiir.ee\">price@europiir.ee<\/a>. Papildus j\u016bras un sauszemes p\u0101rvad\u0101jumiem varam pieg\u0101d\u0101t nelielus s\u016bt\u012bjumus ar\u012b ar GAISA transportu![\/vc_column_text][\/vc_column][vc_column width=&#8221;1\/2&#8243;][vc_single_image image=&#8221;2343&#8243; img_size=&#8221;full&#8221;][\/vc_column][\/vc_row][\/vc_section][vc_section full_width=&#8221;stretch_row&#8221; content_placement=&#8221;top&#8221; css=&#8221;.vc_custom_1700573789139{padding-bottom: 50px !important;background-color: #1f365c !important;}&#8221;][vc_row][vc_column width=&#8221;1\/2&#8243;]<div id=\"ultimate-heading-701969dce9ab4b731\" class=\"uvc-heading ult-adjust-bottom-margin ultimate-heading-701969dce9ab4b731 uvc-1091 accent-border-color\" data-hspacer=\"line_only\"  data-halign=\"left\" style=\"text-align:left\"><div class=\"uvc-main-heading ult-responsive\"  data-ultimate-target='.uvc-heading.ultimate-heading-701969dce9ab4b731 h2'  data-responsive-json-new='{\"font-size\":\"\",\"line-height\":\"\"}' ><h2 style=\"font-weight:bold;color:#ffffff;margin-bottom:5px;\">KAS IR KOMBIN\u0112T\u0100 KRAVA?<\/h2><\/div><div class=\"uvc-heading-spacer line_only\" style=\"margin-bottom:25px;height:4px;\"><span class=\"uvc-headings-line\" style=\"border-style:solid;border-bottom-width:4px;border-color:#ef9b00;width:200px;\"><\/span><\/div><\/div>[vc_column_text]<span style=\"font-weight: 400; color: #ffffff;\">Kombin\u0113t\u0101s kravas ir da\u017e\u0101du klientu mazizm\u0113ra s\u016bt\u012bjumu partija, kas tiek transport\u0113ta vien\u0101 virzien\u0101 ar pilnu konteinera, kravas automobi\u013ca u. c. kravu.<\/span><\/p>\n<p><strong><span style=\"color: #ffffff;\">Atkar\u012bb\u0101 no t\u0101 transportuz\u0146\u0113muma p\u0101rvad\u0101taj\u0101m kombin\u0113taj\u0101m krav\u0101m ir \u0161\u0101di apz\u012bm\u0113jumi:<\/span><\/strong>[\/vc_column_text]<div class=\"aio-icon-component  vc_custom_1700639265853   style_1\"><div id=\"Info-box-wrap-3585\" class=\"aio-icon-box left-icon\" style=\"\"  ><div class=\"aio-icon-left\"><div class=\"ult-just-icon-wrapper  \"><div class=\"align-icon\" style=\"text-align:center;\">\n<div class=\"aio-icon advanced \"  style=\"color:#ffffff;background:#ef9b00;border-style:;border-color:#333333;border-width:1px;width:64px;height:64px;line-height:64px;border-radius:500px;font-size:32px;display:inline-block;\">\n\t<i class=\"Defaults-truck\"><\/i>\n<\/div><\/div><\/div><\/div><div class=\"aio-ibd-block\"><div class=\"aio-icon-description ult-responsive\"  data-ultimate-target='#Info-box-wrap-3585 .aio-icon-description'  data-responsive-json-new='{\"font-size\":\"\",\"line-height\":\"\"}'  style=\"\"><strong><span style=\"color: #ef9b00;\">LTL p\u0101rvad\u0101jumi (Less than Truck Load)<\/span><\/strong><\/p>\n<p><span style=\"color: #ffffff;\">p\u0101rvad\u0101jot papildu kravas ar autotransportu;<\/span><\/div> <!-- description --><\/div> <!-- aio-ibd-block --><\/div> <!-- aio-icon-box --><\/div> <!-- aio-icon-component --><div class=\"aio-icon-component  vc_custom_1700639248078   style_1\"><div id=\"Info-box-wrap-2552\" class=\"aio-icon-box left-icon\" style=\"\"  ><div class=\"aio-icon-left\"><div class=\"ult-just-icon-wrapper  \"><div class=\"align-icon\" style=\"text-align:center;\">\n<div class=\"aio-icon advanced \"  style=\"color:#ffffff;background:#ef9b00;border-style:;border-color:#333333;border-width:1px;width:64px;height:64px;line-height:64px;border-radius:500px;font-size:32px;display:inline-block;\">\n\t<i class=\"Defaults-ship\"><\/i>\n<\/div><\/div><\/div><\/div><div class=\"aio-ibd-block\"><div class=\"aio-icon-description ult-responsive\"  data-ultimate-target='#Info-box-wrap-2552 .aio-icon-description'  data-responsive-json-new='{\"font-size\":\"\",\"line-height\":\"\"}'  style=\"\"><strong><span style=\"color: #ef9b00;\">LCL p\u0101rvad\u0101jumi (Less Container Load)<\/span><\/strong><br \/>\n<span style=\"color: #ffffff;\">ar kombin\u0113tu konteinera pieg\u0101di.<\/span><\/div> <!-- description --><\/div> <!-- aio-ibd-block --><\/div> <!-- aio-icon-box --><\/div> <!-- aio-icon-component -->[\/vc_column][vc_column width=&#8221;1\/2&#8243;][vc_column_text css=&#8221;.vc_custom_1700639301439{margin-bottom: 20px !important;padding-top: 20px !important;padding-right: 20px !important;padding-bottom: 20px !important;padding-left: 20px !important;background-color: #334b72 !important;}&#8221;]<span style=\"color: #ffffff;\"><b>KOMBIN\u0112T\u0100S PIEG\u0100DES PRIEK\u0160ROC\u012aBAS<\/b><\/span><\/p>\n<p><span style=\"font-weight: 400; color: #ffffff;\">Kombin\u0113to kravu s\u016bt\u012b\u0161ana samazina p\u0101rvad\u0101t\u0101ja pieg\u0101des izmaksas, nodro\u0161inot ac\u012bmredzamas priek\u0161roc\u012bbas klientiem:<\/span><\/p>\n<ul>\n<li style=\"font-weight: 400;\" aria-level=\"1\"><span style=\"font-weight: 400; color: #ffffff;\">izdev\u012bgas pakalpojuma izmaksas;<\/span><\/li>\n<li style=\"font-weight: 400;\" aria-level=\"1\"><span style=\"font-weight: 400; color: #ffffff;\">iesp\u0113ju pieg\u0101d\u0101t mazizm\u0113ra kravas;<\/span><\/li>\n<li style=\"font-weight: 400;\" aria-level=\"1\"><span style=\"font-weight: 400; color: #ffffff;\">s\u016bt\u012bjumu regularit\u0101ti un savlaic\u012bgumu;<\/span><\/li>\n<li style=\"font-weight: 400;\" aria-level=\"1\"><span style=\"font-weight: 400; color: #ffffff;\">transport\u0113\u0161anas dro\u0161\u012bbu;<\/span><\/li>\n<li style=\"font-weight: 400;\" aria-level=\"1\"><span style=\"font-weight: 400; color: #ffffff;\">daudzpus\u012bbu.<\/span><\/li>\n<\/ul>\n<p>[\/vc_column_text][vc_column_text css=&#8221;.vc_custom_1700487434940{padding-top: 20px !important;padding-right: 20px !important;padding-bottom: 20px !important;padding-left: 20px !important;background-color: #334b72 !important;}&#8221;]<span style=\"color: #ffffff;\"><b>KO VAR P\u0100RVAD\u0100T K\u0100<\/b> <b>PAPILDU KRAVU?<\/b><\/span><\/p>\n<p><span style=\"font-weight: 400; color: #ffffff;\">Gandr\u012bz jebkura veida pas\u016bt\u012bt\u0101jam nepiecie\u0161am\u0101s preces nelielos daudzumos (no 50 kg), tostarp 2., 3., 4., 5., 6., 8., 9. b\u012bstam\u012bbas klases (ADR) b\u012bstam\u0101s kravas.<\/span>[\/vc_column_text][\/vc_column][\/vc_row][\/vc_section][vc_section full_width=&#8221;stretch_row&#8221; css=&#8221;.vc_custom_1700639868870{background-color: #f5f5f5 !important;}&#8221;][vc_row bg_type=&#8221;bg_color&#8221; css=&#8221;.vc_custom_1700639886082{margin-top: 30px !important;}&#8221;][vc_column]<div id=\"ultimate-heading-878669dce9ab4bbaf\" class=\"uvc-heading ult-adjust-bottom-margin ultimate-heading-878669dce9ab4bbaf uvc-1552 accent-icon-color\" data-hspacer=\"line_only\"  data-halign=\"center\" style=\"text-align:center\"><div class=\"uvc-main-heading ult-responsive\"  data-ultimate-target='.uvc-heading.ultimate-heading-878669dce9ab4bbaf h2'  data-responsive-json-new='{\"font-size\":\"\",\"line-height\":\"\"}' ><h2 style=\"font-weight:bold;\">PAKALPOJUMU VEIDI KOMBIN\u0112TO<br \/>\nUN PILNO KRAVU PIEG\u0100DEI:<\/h2><\/div><div class=\"uvc-heading-spacer line_only\" style=\"margin-bottom:30px;height:4px;\"><span class=\"uvc-headings-line\" style=\"border-style:solid;border-bottom-width:4px;border-color:#ef9b00;width:200px;\"><\/span><\/div><\/div>[\/vc_column][\/vc_row][vc_row][vc_column width=&#8221;1\/3&#8243;][vc_column_text css=&#8221;.vc_custom_1700639720042{padding-top: 20px !important;padding-right: 20px !important;padding-bottom: 20px !important;padding-left: 20px !important;background-color: #ffffff !important;}&#8221;]<i><span style=\"font-weight: 400;\">Kombin\u0113to un pilno kravu pieg\u0101de l\u012bdz m\u0101jas durv\u012bm:<\/span><\/i> <span style=\"font-weight: 400;\">pakalpojumu snieg\u0161ana kombin\u0113to kravu pieg\u0101dei ar muito\u0161anu nos\u016bt\u012b\u0161anas valst\u012b, ar atmuito\u0161anu galam\u0113r\u0137a valst\u012b un kravas pieg\u0101di l\u012bdz sa\u0146\u0113m\u0113ja durv\u012bm, nepiecie\u0161am\u012bbas gad\u012bjum\u0101 kravas papildu apdro\u0161in\u0101\u0161anas noform\u0113\u0161ana.<\/span>[\/vc_column_text][\/vc_column][vc_column width=&#8221;1\/3&#8243;][vc_column_text css=&#8221;.vc_custom_1700487664017{padding-top: 20px !important;padding-right: 20px !important;padding-bottom: 20px !important;padding-left: 20px !important;background-color: #ffffff !important;}&#8221;]<i><span style=\"font-weight: 400;\">Kombin\u0113to un pilno kravu pieg\u0101de no tre\u0161aj\u0101m valst\u012bm uz ES saska\u0146\u0101 ar 42. proced\u016bru:<\/span><\/i><span style=\"font-weight: 400;\"> tiek organiz\u0113ta pre\u010du pa\u0146em\u0161ana no pieg\u0101d\u0101t\u0101ja noliktavas un to t\u0101l\u0101ka transport\u0113\u0161ana uz atmuito\u0161anas vietu Igaunij\u0101 ar sekojo\u0161u pre\u010du pieg\u0101di ES robe\u017e\u0101s, bet \u0101rpus Igaunijas; \u0161\u0101d\u0101 gad\u012bjum\u0101 PVN nav j\u0101maks\u0101 preces ieve\u0161anas br\u012bd\u012b, bet tas ir j\u0101iek\u013cauj nor\u0101d\u012btaj\u0101 nodok\u013cu deklar\u0101cij\u0101. Arvonlis\u00e4vero on kuitenkin ilmoitettava l\u00e4himm\u00e4ss\u00e4 veroilmoituksessa. <\/span>[\/vc_column_text][\/vc_column][vc_column width=&#8221;1\/3&#8243;][vc_column_text css=&#8221;.vc_custom_1700487698458{padding-top: 20px !important;padding-right: 20px !important;padding-bottom: 20px !important;padding-left: 20px !important;background-color: #ffffff !important;}&#8221;]<i><span style=\"font-weight: 400;\">Kombin\u0113to un pilno kravu pieg\u0101de saska\u0146\u0101 ar m\u016bsu l\u012bgumu:<\/span><\/i> <span style=\"font-weight: 400;\">m\u016bsu import\u0113\u0161anas uz\u0146\u0113muma pakalpojums pre\u010du ieg\u0101dei un transport\u0113\u0161anai no Turcijas, Ukrainas, \u0136\u012bnas uz Igauniju, Latviju, Somiju, Zviedriju, Norv\u0113\u0123iju, Bulg\u0101riju un cit\u0101m ES valst\u012bm ar atmuito\u0161anu Igaunij\u0101 saska\u0146\u0101<\/span> <span style=\"font-weight: 400;\">ar 42. proced\u016bru<\/span> <span style=\"font-weight: 400;\">un sekojo\u0161u pre\u010du nodo\u0161anu sa\u0146\u0113m\u0113jam.<\/span>[\/vc_column_text][\/vc_column][\/vc_row][vc_row css=&#8221;.vc_custom_1700639994288{padding-top: 40px !important;padding-bottom: 40px !important;}&#8221;][vc_column width=&#8221;1\/2&#8243;][vc_column_text]<b>K\u0100 APR\u0112\u0136IN\u0100T KOMBIN\u0112T\u0100 UN PILN\u0100 S\u016aT\u012aJUMA CENU?<\/b><\/p>\n<p><span style=\"font-weight: 400;\">Pakalpojuma cenas veido\u0161anos ietekm\u0113 \u0161\u0101di faktori:<\/span><\/p>\n<ul>\n<li style=\"font-weight: 400;\" aria-level=\"1\"><span style=\"font-weight: 400;\">preces svars, izm\u0113ri (tilpums, garuma metri LDM, garums, platums un augstums) un veids;<\/span><\/li>\n<li style=\"font-weight: 400;\" aria-level=\"1\"><span style=\"font-weight: 400;\">transporta veids (j\u016bras, auto, gaisa);<\/span><\/li>\n<li style=\"font-weight: 400;\" aria-level=\"1\"><span style=\"font-weight: 400;\">satiksmes mar\u0161ruts.<\/span><\/li>\n<\/ul>\n<p><strong>Lai noskaidrotu kombin\u0113t\u0101s kravas izmaksas, izmantojiet pieg\u0101des kalkulatoru kombin\u0113taj\u0101m un pilnaj\u0101m krav\u0101m.<\/strong>[\/vc_column_text][vc_raw_html]JTNDYSUyMGhyZWYlM0QlMjJodHRwcyUzQSUyRiUyRmV1cm9waWlyLmVlJTJGbHYlMkZjZW5hcy1waWVwcmFzaWp1bXMlMkYlMjIlMjBzdHlsZSUzRCUyMmJhY2tncm91bmQlM0ElMjAlMjNlZjliMDAlM0IlMjBwYWRkaW5nJTNBJTIwMTBweCUyMDE4cHglM0IlMjBtYXJnaW4tdG9wJTNBJTIwMTBweCUzQiUyMGRpc3BsYXklM0ElMjBibG9jayUzQiUyMHdpZHRoJTNBJTIwZml0LWNvbnRlbnQlM0IlMjIlM0UlM0NidXR0b24lMjBzdHlsZSUzRCUyMmJvcmRlciUzQSUyMG5vbmUlM0IlMjBjb2xvciUzQSUyMHdoaXRlJTNCJTIwYmFja2dyb3VuZCUzQSUyMHRyYW5zcGFyZW50JTNCJTIwZm9udC13ZWlnaHQlM0ElMjBib2xkJTNCJTIwZm9udC1zaXplJTNBJTIwMTZweCUzQiUyMGZvbnQtZmFtaWx5JTNBJTIwJTI3T3BlbiUyMFNhbnMlMjBDb25kZW5zZWQlMjclM0IlMjIlM0VDRU5BUyUyMFBJRVBSQVMlQzQlQUFKVU1TJTNDJTJGYnV0dG9uJTNFJTNDJTJGYSUzRQ==[\/vc_raw_html][\/vc_column][vc_column width=&#8221;1\/2&#8243;][vc_column_text css=&#8221;.vc_custom_1702882683892{padding-top: 20px !important;padding-right: 20px !important;padding-bottom: 20px !important;padding-left: 20px !important;background-color: #334b72 !important;}&#8221;]<span style=\"color: #ffffff;\"><b>PAPILDU PAKALPOJUMI, RE\u0122ISTR\u0112JOT KOP\u0112JO KRAVU<\/b><\/span><\/p>\n<p><span style=\"font-weight: 400; color: #ffffff;\">Klientu \u0113rt\u012bbas nol\u016bkos Europiir uz\u0146\u0113mumu grupa ir paredz\u0113jusi visus nepiecie\u0161amos pakalpojumus. Varat izmantot \u0161\u0101das papildu opcijas: <\/span><\/p>\n<ul>\n<li style=\"font-weight: 400;\" aria-level=\"1\"><span style=\"color: #ffffff;\"><span style=\"font-weight: 400;\">Muitas noform\u0113\u0161ana importam\/eksportam<\/span><span style=\"font-weight: 400;\">;<\/span><\/span><\/li>\n<li style=\"font-weight: 400;\" aria-level=\"1\"><span style=\"font-weight: 400; color: #ffffff;\">Muito\u0161ana saska\u0146\u0101 ar 42. proced\u016bru;<\/span><\/li>\n<li style=\"font-weight: 400;\" aria-level=\"1\"><span style=\"color: #ffffff;\"><span style=\"font-weight: 400;\">noliktavas pakalpojumi<\/span><span style=\"font-weight: 400;\">;<\/span><\/span><\/li>\n<li style=\"font-weight: 400;\" aria-level=\"1\"><span style=\"color: #ffffff;\"><span style=\"font-weight: 400;\">kravas papildu apdro\u0161in\u0101\u0161ana<\/span><span style=\"font-weight: 400;\">.<\/span><\/span><\/li>\n<\/ul>\n<p><span style=\"font-weight: 400; color: #ffffff;\">Vai nepiecie\u0161ams l\u0113ti nos\u016bt\u012bt kombin\u0113to kravu? Ja esat pras\u012bgs attiec\u012bb\u0101 uz pakalpojumu kvalit\u0101ti un pieg\u0101des termi\u0146u iev\u0113ro\u0161anu, turkl\u0101t esat pieradis pa\u013cauties uz pieredz\u0113ju\u0161iem un augsti kvalific\u0113tiem speci\u0101listiem \u2014 sazinieties ar uz\u0146\u0113mumu Europiir! <\/span>[\/vc_column_text][\/vc_column][\/vc_row][\/vc_section]<\/p>\n","protected":false},"excerpt":{"rendered":"<p>[vc_section css=&#8221;.vc_custom_1700638880697{padding-bottom: 50px !important;}&#8221;][vc_row][vc_column width=&#8221;1\/2&#8243;][vc_column_text] Uz\u0146\u0113mumu grupa Europiir pieg\u0101d\u0101 kombin\u0113t\u0101s un piln\u0101s kravas \u0161\u0101dos mar\u0161rutos: no Turcijas un Ukrainas uz Norv\u0113\u0123iju, Latviju, Lietuvu, Igauniju, Somiju, Bulg\u0101riju un atpaka\u013c uz Turciju un Ukrainu. Papildus nor\u0101d\u012btajiem galvenajiem mar\u0161rutiem ir ar\u012b citi virzieni. Iesniedziet cenas pied\u0101v\u0101juma piepras\u012bjumu. M\u016bsu uz\u0146\u0113mums p\u0101rvad\u0101 ar\u012b pilnas un negabar\u012bta kravas pa j\u016bru un&hellip;<\/p>\n","protected":false},"author":7,"featured_media":0,"parent":0,"menu_order":0,"comment_status":"closed","ping_status":"closed","template":"","meta":[],"class_list":["post-4028","page","type-page","status-publish","hentry","description-off"],"_links":{"self":[{"href":"https:\/\/europiir.ee\/lv\/wp-json\/wp\/v2\/pages\/4028","targetHints":{"allow":["GET"]}}],"collection":[{"href":"https:\/\/europiir.ee\/lv\/wp-json\/wp\/v2\/pages"}],"about":[{"href":"https:\/\/europiir.ee\/lv\/wp-json\/wp\/v2\/types\/page"}],"author":[{"embeddable":true,"href":"https:\/\/europiir.ee\/lv\/wp-json\/wp\/v2\/users\/7"}],"replies":[{"embeddable":true,"href":"https:\/\/europiir.ee\/lv\/wp-json\/wp\/v2\/comments?post=4028"}],"version-history":[{"count":8,"href":"https:\/\/europiir.ee\/lv\/wp-json\/wp\/v2\/pages\/4028\/revisions"}],"predecessor-version":[{"id":4458,"href":"https:\/\/europiir.ee\/lv\/wp-json\/wp\/v2\/pages\/4028\/revisions\/4458"}],"wp:attachment":[{"href":"https:\/\/europiir.ee\/lv\/wp-json\/wp\/v2\/media?parent=4028"}],"curies":[{"name":"wp","href":"https:\/\/api.w.org\/{rel}","templated":true}]}}