{"id":4017,"date":"2023-12-14T15:33:37","date_gmt":"2023-12-14T13:33:37","guid":{"rendered":"https:\/\/camo.ee\/projektid\/europiir\/par-uznemumu\/"},"modified":"2023-12-18T09:19:33","modified_gmt":"2023-12-18T07:19:33","slug":"par-uznemumu","status":"publish","type":"page","link":"https:\/\/europiir.ee\/lv\/par-uznemumu\/","title":{"rendered":"Par uz\u0146\u0113mumu"},"content":{"rendered":"<p>[vc_row type=&#8221;vc_default&#8221; css=&#8221;.vc_custom_1476008791393{padding-top: 70px !important;padding-bottom: 25px !important;}&#8221;][vc_column offset=&#8221;vc_col-lg-6 vc_col-md-6 vc_col-xs-12&#8243; css=&#8221;.vc_custom_1476005293248{padding-bottom: 50px !important;}&#8221;]<div id=\"ultimate-heading-479369f2ef9ef3da9\" class=\"uvc-heading ult-adjust-bottom-margin ultimate-heading-479369f2ef9ef3da9 uvc-4507 \" data-hspacer=\"no_spacer\"  data-halign=\"left\" style=\"text-align:left\"><div class=\"uvc-heading-spacer no_spacer\" style=\"top\"><\/div><div class=\"uvc-main-heading ult-responsive\"  data-ultimate-target='.uvc-heading.ultimate-heading-479369f2ef9ef3da9 h2'  data-responsive-json-new='{\"font-size\":\"desktop:26px;\",\"line-height\":\"desktop:32px;\"}' ><h2 style=\"font-weight:bold;margin-bottom:20px;\">EUROPIIR LOGISTICS O\u00dc - VISAPTVERO\u0160I TRANSPORTA UN LO\u0122ISTIKAS PAKALPOJUMI!<\/h2><\/div><\/div>[vc_column_text]Kansainv\u00e4linen monialayritys, joka on erikoistunut tarjoamaan tarpeellisen ja optimaalisen kuljetus- ja logistiikkapalvelujen kokonaisuuden rahtikuljetusten j\u00e4rjest\u00e4misen alalla maantie-, rautatie-, meri- ja ilmakuljetuksissa vuodesta 2008 l\u00e4htien. Nyky\u00e4\u00e4n kuljetusmaantiede kattaa yli 100 maata: Euroopan ja Aasian maat, Skandinavia, Pohjois- ja Etel\u00e4-Amerikka, Intia, Brasilia, Ukraina, Turkki, Kirgisia, Kazakstan.<\/p>\n<p>M\u0113s nodarbojamies ar jebkura veida kravu p\u0101rvad\u0101jumiem, tostarp ar pieg\u0101di \u201cno durv\u012bm l\u012bdz durv\u012bm\u201d vai \u201cno durv\u012bm l\u012bdz durv\u012bm\u201d, ieg\u0101d\u0101joties preces no pieg\u0101d\u0101t\u0101ja. Jums tikai j\u0101iesniedz pieteikums Europiir Logistics O\u00dc, visu p\u0101r\u0113jo, saska\u0146ojot ar Jums, veiks uz\u0146\u0113muma speci\u0101listi. Tas noz\u012bm\u0113, ka jums vairs nav j\u0101t\u0113r\u0113 v\u0113rt\u012bgs laiks, mekl\u0113jot piem\u0113rotu p\u0101rvad\u0101t\u0101ju vai ekspeditoru, vai j\u0101uztraucas par kravas dro\u0161\u012bbu un pieg\u0101des laiku.<\/p>\n<p>Europiir Logistics O\u00dc \u0101tri un dro\u0161i nog\u0101d\u0101s j\u016bsu kravu gandr\u012bz jebkur\u0101 pasaules viet\u0101, un uz\u0146\u0113muma pieredz\u0113ju\u0161ie darbinieki sp\u0113j paredz\u0113t un operat\u012bvi atrisin\u0101t iesp\u0113jam\u0101s sare\u017e\u0123\u012bt\u0101s situ\u0101cijas vis\u0101 transport\u0113\u0161anas un lo\u0123istikas proces\u0101.<\/p>\n<p>Europiir Logistics OU ir biroji Igaunij\u0101, Turcij\u0101 un Bulg\u0101rij\u0101. Vis\u0101s \u0161aj\u0101s valst\u012bs m\u0113s pied\u0101v\u0101jam muitas un noliktavu pakalpojumus.[\/vc_column_text][\/vc_column][vc_column offset=&#8221;vc_col-lg-6 vc_col-md-6 vc_col-xs-12&#8243; css=&#8221;.vc_custom_1476005300152{padding-bottom: 50px !important;}&#8221;]<div id=\"ultimate-heading-150469f2ef9ef3e89\" class=\"uvc-heading ult-adjust-bottom-margin ultimate-heading-150469f2ef9ef3e89 uvc-8709 \" data-hspacer=\"no_spacer\"  data-halign=\"left\" style=\"text-align:left\"><div class=\"uvc-heading-spacer no_spacer\" style=\"top\"><\/div><div class=\"uvc-main-heading ult-responsive\"  data-ultimate-target='.uvc-heading.ultimate-heading-150469f2ef9ef3e89 h2'  data-responsive-json-new='{\"font-size\":\"desktop:26px;\",\"line-height\":\"desktop:32px;\"}' ><h2 style=\"font-weight:bold;margin-bottom:20px;\">M\u016aSU KOGEMS<\/h2><\/div><\/div>[vc_progress_bar values=&#8221;%5B%7B%22label%22%3A%22BIROJI%20140%20VALST%C4%AAS%22%2C%22value%22%3A%22110%22%7D%2C%7B%22label%22%3A%22VAIR%C4%80K%20NEK%C4%80%20500%20APMIERIN%C4%80TU%20UZ%C5%85%C4%92MUMU%22%2C%22value%22%3A%22200%22%7D%2C%7B%22label%22%3A%22VAIR%C4%80K%20NEK%C4%80%20275%20TRANSPORTA%20APR%C4%AAKOJUMA%20VIEN%C4%AABAS%22%2C%22value%22%3A%22225%22%7D%2C%7B%22label%22%3A%22VAIR%C4%80K%20NEK%C4%80%20400%20IESAIST%C4%AATO%20EKSPERTU%22%2C%22value%22%3A%22400%22%7D%5D&#8221; options=&#8221;striped,animated&#8221; caption_pos=&#8221;top&#8221;][vc_empty_space][vc_separator][vc_empty_space][vc_single_image image=&#8221;2992&#8243; img_size=&#8221;full&#8221;][\/vc_column][\/vc_row]<\/p>\n","protected":false},"excerpt":{"rendered":"<p>[vc_row type=&#8221;vc_default&#8221; css=&#8221;.vc_custom_1476008791393{padding-top: 70px !important;padding-bottom: 25px !important;}&#8221;][vc_column offset=&#8221;vc_col-lg-6 vc_col-md-6 vc_col-xs-12&#8243; css=&#8221;.vc_custom_1476005293248{padding-bottom: 50px !important;}&#8221;][vc_column_text]Kansainv\u00e4linen monialayritys, joka on erikoistunut tarjoamaan tarpeellisen ja optimaalisen kuljetus- ja logistiikkapalvelujen kokonaisuuden rahtikuljetusten j\u00e4rjest\u00e4misen alalla maantie-, rautatie-, meri- ja ilmakuljetuksissa vuodesta 2008 l\u00e4htien. Nyky\u00e4\u00e4n kuljetusmaantiede kattaa yli 100 maata: Euroopan ja Aasian maat, Skandinavia, Pohjois- ja Etel\u00e4-Amerikka, Intia, Brasilia, Ukraina, Turkki, Kirgisia,&hellip;<\/p>\n","protected":false},"author":7,"featured_media":0,"parent":0,"menu_order":0,"comment_status":"closed","ping_status":"closed","template":"","meta":[],"class_list":["post-4017","page","type-page","status-publish","hentry","description-off"],"_links":{"self":[{"href":"https:\/\/europiir.ee\/lv\/wp-json\/wp\/v2\/pages\/4017","targetHints":{"allow":["GET"]}}],"collection":[{"href":"https:\/\/europiir.ee\/lv\/wp-json\/wp\/v2\/pages"}],"about":[{"href":"https:\/\/europiir.ee\/lv\/wp-json\/wp\/v2\/types\/page"}],"author":[{"embeddable":true,"href":"https:\/\/europiir.ee\/lv\/wp-json\/wp\/v2\/users\/7"}],"replies":[{"embeddable":true,"href":"https:\/\/europiir.ee\/lv\/wp-json\/wp\/v2\/comments?post=4017"}],"version-history":[{"count":2,"href":"https:\/\/europiir.ee\/lv\/wp-json\/wp\/v2\/pages\/4017\/revisions"}],"predecessor-version":[{"id":4019,"href":"https:\/\/europiir.ee\/lv\/wp-json\/wp\/v2\/pages\/4017\/revisions\/4019"}],"wp:attachment":[{"href":"https:\/\/europiir.ee\/lv\/wp-json\/wp\/v2\/media?parent=4017"}],"curies":[{"name":"wp","href":"https:\/\/api.w.org\/{rel}","templated":true}]}}