{"id":4051,"date":"2023-12-18T10:17:04","date_gmt":"2023-12-18T08:17:04","guid":{"rendered":"https:\/\/camo.ee\/projektid\/europiir\/?page_id=4051"},"modified":"2024-01-10T11:01:28","modified_gmt":"2024-01-10T09:01:28","slug":"hintapyynto","status":"publish","type":"page","link":"https:\/\/europiir.ee\/fi\/hintapyynto\/","title":{"rendered":"Valmista tilauksesi"},"content":{"rendered":"<h2>Lento-, maantie-, rautatie-, yhdistettyjen kuljetusten ja merikuljetusten kustannukset.<\/h2>\n<p>Europiir Logistics on luotettava ja luotettava yhteisty\u00f6kumppani, joka tarjoaa logistiikka- ja huolintapalveluita kansainv\u00e4listen tavarakuljetusten alalla. Rahtikuljetusten lis\u00e4ksi Europiir Logistics tarjoaa my\u00f6s rahtivakuutuksia, tullausta, varastointipalveluja ja kimppakuljetuksia. Europiir Logistics kuljettaa tavaroita maanteitse, ilmassa, rautateitse ja meritse. Yritys pystyy k\u00e4sittelem\u00e4\u00e4n kaikenkokoisia ja -m\u00e4\u00e4r\u00e4isi\u00e4 sek\u00e4 monimutkaisia rahtitavaroita.<\/p>\n<div data-uniq='69e2a0e636f6f' class='uniq-69e2a0e636f6f formcraft-css form-live align-left'><div class='form-logic'>[]<\/div><div class=\"fc-pagination-cover fc-pagination-1\">\n\t\t\t\t<div class=\"fc-pagination width-100\">\n\t\t\t\t\t<div class=\"pagination-trigger \" data-index=\"0\">\n\t\t\t\t\t\t<span class=\"page-number\"><span >1<\/span><\/span>\n\t\t\t\t\t\t<span class=\"page-name \">Step 1<\/span>\n\t\t\t\t\t\t\n\t\t\t\t\t<\/div>\n\t\t\t\t<\/div>\n\t\t\t<\/div>\n\t\t\t\n\t\t\t<style scoped=\"scoped\" >\n\t\t\t@media (max-width : 480px) {\n\t\t\t\t.fc_modal-dialog-12 .fc-pagination-cover .fc-pagination\n\t\t\t\t{\n\t\t\t\t\tbackground-color: white !important;\n\t\t\t\t}\n\t\t\t}\n\t\t\t\t\t\t.formcraft-css .fc-form.fc-form-12 .form-element .submit-cover .submit-button,\n\t\t\t.formcraft-css .fc-form.fc-form-12 .form-element .fileupload-cover .button-file,\n\t\t\t.formcraft-css .fc-form.fc-form-12 .form-element .field-cover .button,\n\t\t\t.formcraft-datepicker .ui-datepicker-header,\n\t\t\t.formcraft-datepicker .ui-datepicker-title\n\t\t\t{\n\t\t\t\tbackground: #ee9a00;\n\t\t\t\tcolor: #fff;\n\t\t\t}\n\t\t\t.formcraft-datepicker td .ui-state-active,\n\t\t\t.formcraft-datepicker td .ui-state-hover,\n\t\t\t.formcraft-css .fc-form.fc-form-12 .form-element .slider-cover .ui-slider-range\n\t\t\t{\n\t\t\t\tbackground: #ee9a00;\n\t\t\t}\n\t\t\t#ui-datepicker-div.formcraft-datepicker .ui-datepicker-header,\n\t\t\t.formcraft-css .fc-form .field-cover>div.full hr\n\t\t\t{\n\t\t\t\tborder-color: #d18700;\n\t\t\t}\n\t\t\t#ui-datepicker-div.formcraft-datepicker .ui-datepicker-prev:hover,\n\t\t\t#ui-datepicker-div.formcraft-datepicker .ui-datepicker-next:hover,\n\t\t\t#ui-datepicker-div.formcraft-datepicker select.ui-datepicker-month:hover,\n\t\t\t#ui-datepicker-div.formcraft-datepicker select.ui-datepicker-year:hover\n\t\t\t{\n\t\t\t\tbackground-color: #d18700;\n\t\t\t}\n\t\t\t.formcraft-css .fc-pagination>div.active .page-number,\n\t\t\t.formcraft-css .form-cover-builder .fc-pagination>div:first-child .page-number\n\t\t\t{\n\t\t\t\tbackground-color: #4488ee;\n\t\t\t\tcolor: #fff;\n\t\t\t}\n\t\t\t#ui-datepicker-div.formcraft-datepicker table.ui-datepicker-calendar th,\n\t\t\t#ui-datepicker-div.formcraft-datepicker table.ui-datepicker-calendar td.ui-datepicker-today a,\n\t\t\t.formcraft-css .fc-form.fc-form-12 .form-element .star-cover label,\n\t\t\thtml .formcraft-css .fc-form.label-floating .form-element .field-cover.has-focus>span,\n\t\t\t.formcraft-css .fc-form.fc-form-12 .form-element .customText-cover a,\n\t\t\t.formcraft-css .prev-next>div span:hover\n\t\t\t{\n\t\t\t\tcolor: #ee9a00;\n\t\t\t}\n\t\t\t.formcraft-css .fc-form.fc-form-12 .form-element .customText-cover a:hover\n\t\t\t{\n\t\t\t\tcolor: #d18700;\n\t\t\t}\n\t\t\thtml .formcraft-css .fc-form.fc-form-12.label-floating .form-element .field-cover > span\n\t\t\t{\n\t\t\t\tcolor: #666666;\n\t\t\t}\n\t\t\thtml .formcraft-css .fc-form .final-success .final-success-check {\n\t\t\t\tborder: 2px solid #666666;\n\t\t\t}\n\t\t\t.formcraft-css .fc-form.fc-form-12 .form-element .field-cover input[type=\"text\"],\n\t\t\t.formcraft-css .fc-form.fc-form-12 .form-element .field-cover input[type=\"email\"],\n\t\t\t.formcraft-css .fc-form.fc-form-12 .form-element .field-cover input[type=\"password\"],\n\t\t\t.formcraft-css .fc-form.fc-form-12 .form-element .field-cover input[type=\"tel\"],\n\t\t\t.formcraft-css .fc-form.fc-form-12 .form-element .field-cover textarea,\n\t\t\t.formcraft-css .fc-form.fc-form-12 .form-element .field-cover select,\n\t\t\t.formcraft-css .fc-form.fc-form-12 .form-element .field-cover .time-fields-cover,\n\t\t\t.formcraft-css .fc-form.fc-form-12 .form-element .field-cover .awesomplete ul\n\t\t\t{\n\t\t\t\tcolor: #777;\n\t\t\t}\n\t\t\t.formcraft-css .fc-form.fc-form-12 .form-element .field-cover input[type=\"text\"],\n\t\t\t.formcraft-css .fc-form.fc-form-12 .form-element .field-cover input[type=\"password\"],\n\t\t\t.formcraft-css .fc-form.fc-form-12 .form-element .field-cover input[type=\"email\"],\n\t\t\t.formcraft-css .fc-form.fc-form-12 .form-element .field-cover input[type=\"radio\"],\n\t\t\t.formcraft-css .fc-form.fc-form-12 .form-element .field-cover input[type=\"checkbox\"],\n\t\t\t.formcraft-css .fc-form.fc-form-12 .form-element .field-cover input[type=\"tel\"],\n\t\t\t.formcraft-css .fc-form.fc-form-12 .form-element .field-cover select,\n\t\t\t.formcraft-css .fc-form.fc-form-12 .form-element .field-cover textarea\n\t\t\t{\n\t\t\t\tbackground-color: #fafafa;\n\t\t\t}\n\t\t\t.formcraft-css .fc-form.fc-form-12 .form-element .field-cover input[type=\"radio\"]:checked,\n\t\t\t.formcraft-css .fc-form.fc-form-12 .form-element .field-cover input[type=\"checkbox\"]:checked {\n\t\t\t\tborder-color: #d18700;\n\t\t\t\tbackground: #ee9a00;\t\t\t\t\n\t\t\t}\n\t\t\t.formcraft-css .fc-form.fc-form-12 .form-element .star-cover label .star\n\t\t\t{\n\t\t\t\ttext-shadow: 0px 1px 0px #d18700;\n\t\t\t}\n\t\t\t.formcraft-css .fc-form.fc-form-12 .form-element .slider-cover .ui-slider-range\n\t\t\t{\n\t\t\t\tbox-shadow: 0px 1px 1px #d18700 inset;\n\t\t\t}\n\t\t\t.formcraft-css .fc-form.fc-form-12 .form-element .fileupload-cover .button-file\n\t\t\t{\n\t\t\t\tborder-color: #d18700;\n\t\t\t}\n\t\t\t.formcraft-css .fc-form.fc-form-12 .form-element .form-element-html input[type=\"password\"]:focus,\n\t\t\t.formcraft-css .fc-form.fc-form-12 .form-element .form-element-html input[type=\"email\"]:focus,\n\t\t\t.formcraft-css .fc-form.fc-form-12 .form-element .form-element-html input[type=\"tel\"]:focus,\n\t\t\t.formcraft-css .fc-form.fc-form-12 .form-element .form-element-html input[type=\"text\"]:focus,\n\t\t\t.formcraft-css .fc-form.fc-form-12 .form-element .form-element-html textarea:focus,\n\t\t\t.formcraft-css .fc-form.fc-form-12 .form-element .form-element-html select:focus\n\t\t\t{\n\t\t\t\tborder-color: #ee9a00;\n\t\t\t}\n\t\t\t.formcraft-css .fc-form.fc-form-12 .form-element .form-element-html .field-cover .is-read-only:focus {\n\t\t\t\tborder-color: #ccc;\n\t\t\t}\n\t\t\t.formcraft-css .fc-form.fc-form-12\t\t\t{\n\t\t\t\tfont-family: inherit;\n\t\t\t}\n\t\t\t@media (max-width : 480px) {\n\t\t\t\thtml .dedicated-page,\n\t\t\t\thtml .dedicated-page .formcraft-css .fc-pagination > div.active\n\t\t\t\t{\n\t\t\t\t\tbackground: white;\n\t\t\t\t}\n\t\t\t}\n\t\t<\/style>\n\t\t<div class=\"form-cover\">\n\t\t\t<form data-auto-scroll=\"\" data-no-message-redirect=\"\" data-thousand=\"\" data-decimal=\".\" data-delay=\"\" data-id=\"12\" class=\"fc-form fc-form-12 align- fc-temp-class spin- save-form- dont-submit-hidden- remove-asterisk- disable-enter- label-placeholder field-border-visible frame-visible icons-hide-true field-alignment-left\" style=\"width: 100%; color: #666666; font-size: 100%; background: white\">\n\t\t\t\t<div class=\"form-page form-page-0\" data-index=\"0\">\n\t\t\t\t\t\n\t\t\t\t\t<div class=\"form-page-content     \">\n\t\t\t\t\t\t<div data-identifier=\"field1\" data-index=\"0\" style=\"width: 50%\" class=\" form-element form-element-field1 options-false index-false form-element-0 default-false form-element-type-oneLineText is-required-true odd -handle\">\n\t\t\t\t\t\t\t<div class=\"form-element-html\"><div ><label class=\"oneLineText-cover field-cover  \"><span class=\"sub-label-false\"><span class=\"main-label\"><span >Nimi<\/span><\/span><span class=\"sub-label\"><\/span><\/span><div><span class=\"error\"><\/span><input type=\"text\" placeholder=\"Nimi\" make-read-only=\"false\" data-field-id=\"field1\" name=\"field1[]\" data-min-char=\"\" data-max-char=\"\" data-val-type=\"\" data-regexp=\"\" data-is-required=\"true\" data-allow-spaces=\"\" class=\"validation-lenient\" data-placement=\"right\" data-toggle=\"tooltip\" tooltip=\"\" data-trigger=\"focus\" data-html=\"true\" data-input-mask=\"\" data-mask-placeholder=\"\" data-original-title=\"\"><i class=\"formcraft-icon formcraft-icon-type-\"><\/i><\/div><\/label><\/div><\/div>\n\t\t\t\t\t\t\t\n\t\t\t\t\t\t<\/div><div data-identifier=\"field2\" data-index=\"1\" style=\"width: 50%\" class=\" even form-element form-element-field2 options-false index-false form-element-1 default-false form-element-type-oneLineText is-required-true -handle\">\n\t\t\t\t\t\t\t<div class=\"form-element-html\"><div ><label class=\"oneLineText-cover field-cover  \"><span class=\"sub-label-false\"><span class=\"main-label\"><span >Puhelin<\/span><\/span><span class=\"sub-label\"><\/span><\/span><div><span class=\"error\"><\/span><input type=\"text\" placeholder=\"Puhelin\" make-read-only=\"false\" data-field-id=\"field2\" name=\"field2[]\" data-min-char=\"\" data-max-char=\"\" data-val-type=\"\" data-regexp=\"\" data-is-required=\"true\" data-allow-spaces=\"true\" class=\"validation-lenient\" data-placement=\"right\" data-toggle=\"tooltip\" tooltip=\"\" data-trigger=\"focus\" data-html=\"true\" data-input-mask=\"\" data-mask-placeholder=\"\" data-original-title=\"\"><i class=\"formcraft-icon formcraft-icon-type-\"><\/i><\/div><\/label><\/div><\/div>\n\t\t\t\t\t\t\t\n\t\t\t\t\t\t<\/div><div data-identifier=\"field15\" data-index=\"2\" style=\"width: 50%\" class=\" form-element form-element-field15 options-false index-false form-element-2 default-false form-element-type-email is-required-true odd -handle\">\n\t\t\t\t\t\t\t<div class=\"form-element-html\"><div ><label class=\"email-cover field-cover  \"><span class=\"sub-label-true\"><span class=\"main-label\"><span >S\u00e4hk\u00f6posti<\/span><\/span><span class=\"sub-label\"><\/span><\/span><div><span class=\"error\"><\/span><input placeholder=\"S\u00e4hk\u00f6posti\" data-field-id=\"field15\" type=\"text\" data-val-type=\"email\" make-read-only=\"\" data-is-required=\"true\" name=\"field15\" class=\"validation-lenient\" data-placement=\"right\" data-toggle=\"tooltip\" tooltip=\"\" data-trigger=\"focus\" data-html=\"true\" data-original-title=\"\"><i class=\"formcraft-icon\">email<\/i><\/div><\/label><\/div><\/div>\n\t\t\t\t\t\t\t\n\t\t\t\t\t\t<\/div><div data-identifier=\"field4\" data-index=\"3\" style=\"width: 50%\" class=\" even form-element form-element-field4 options-false index-false form-element-3 default-false form-element-type-oneLineText is-required-true -handle\">\n\t\t\t\t\t\t\t<div class=\"form-element-html\"><div ><label class=\"oneLineText-cover field-cover  \"><span class=\"sub-label-false\"><span class=\"main-label\"><span >Yrityksen nimi<\/span><\/span><span class=\"sub-label\"><\/span><\/span><div><span class=\"error\"><\/span><input type=\"text\" placeholder=\"Yrityksen nimi\" make-read-only=\"false\" data-field-id=\"field4\" name=\"field4[]\" data-min-char=\"\" data-max-char=\"\" data-val-type=\"\" data-regexp=\"\" data-is-required=\"true\" data-allow-spaces=\"\" class=\"validation-lenient\" data-placement=\"right\" data-toggle=\"tooltip\" tooltip=\"\" data-trigger=\"focus\" data-html=\"true\" data-input-mask=\"\" data-mask-placeholder=\"\" data-original-title=\"\"><i class=\"formcraft-icon formcraft-icon-type-\"><\/i><\/div><\/label><\/div><\/div>\n\t\t\t\t\t\t\t\n\t\t\t\t\t\t<\/div><div data-identifier=\"field5\" data-index=\"4\" style=\"width: 100%\" class=\" form-element form-element-field5 options-true index-true form-element-4 default-false form-element-type-oneLineText is-required-true odd -handle\">\n\t\t\t\t\t\t\t<div class=\"form-element-html\"><div ><label class=\"oneLineText-cover field-cover  \"><span class=\"sub-label-false\"><span class=\"main-label\"><span >Latausosoite<\/span><\/span><span class=\"sub-label\"><\/span><\/span><div><span class=\"error\"><\/span><input type=\"text\" placeholder=\"Latausosoite\" make-read-only=\"false\" data-field-id=\"field5\" name=\"field5[]\" data-min-char=\"\" data-max-char=\"\" data-val-type=\"\" data-regexp=\"\" data-is-required=\"true\" data-allow-spaces=\"true\" class=\"validation-lenient\" data-placement=\"right\" data-toggle=\"tooltip\" tooltip=\"\" data-trigger=\"focus\" data-html=\"true\" data-input-mask=\"\" data-mask-placeholder=\"\" data-original-title=\"\"><i class=\"formcraft-icon formcraft-icon-type-\"><\/i><\/div><\/label><\/div><\/div>\n\t\t\t\t\t\t\t\n\t\t\t\t\t\t<\/div><div data-identifier=\"field6\" data-index=\"5\" style=\"width: 100%\" class=\" even form-element form-element-field6 options-true index-true form-element-5 default-false form-element-type-oneLineText is-required-true -handle\">\n\t\t\t\t\t\t\t<div class=\"form-element-html\"><div ><label class=\"oneLineText-cover field-cover  \"><span class=\"sub-label-false\"><span class=\"main-label\"><span >Toimitusosoite<\/span><\/span><span class=\"sub-label\"><\/span><\/span><div><span class=\"error\"><\/span><input type=\"text\" placeholder=\"Toimitusosoite\" make-read-only=\"false\" data-field-id=\"field6\" name=\"field6[]\" data-min-char=\"\" data-max-char=\"\" data-val-type=\"\" data-regexp=\"\" data-is-required=\"true\" data-allow-spaces=\"true\" class=\"validation-lenient\" data-placement=\"right\" data-toggle=\"tooltip\" tooltip=\"\" data-trigger=\"focus\" data-html=\"true\" data-input-mask=\"\" data-mask-placeholder=\"\" data-original-title=\"\"><i class=\"formcraft-icon formcraft-icon-type-\"><\/i><\/div><\/label><\/div><\/div>\n\t\t\t\t\t\t\t\n\t\t\t\t\t\t<\/div><div data-identifier=\"field9\" data-index=\"6\" style=\"width: 100%\" class=\" form-element form-element-field9 options-true index-true form-element-6 default-false form-element-type-textarea is-required-true odd -handle\">\n\t\t\t\t\t\t\t<div class=\"form-element-html\"><div ><label class=\"textarea-cover field-cover  \"><span class=\"sub-label-false\"><span class=\"main-label\"><span >Lastin kuvaus<\/span><\/span><span class=\"sub-label\"><\/span><\/span><div><span class=\"error\"><\/span><textarea data-field-id=\"field9\" placeholder=\"Lastin kuvaus\" class=\"validation-lenient\" name=\"field9\" value=\"\" rows=\"5\" data-min-char=\"\" data-max-char=\"\" data-is-required=\"true\" data-placement=\"right\" data-toggle=\"tooltip\" tooltip=\"\" data-trigger=\"focus\" data-html=\"true\" data-original-title=\"\" style=\"min-height: 110.734px\"><\/textarea><div class=\"count-\"><span class=\"current-count\">0<\/span> \/ <span class=\"max-count \"><\/span><\/div><\/div><\/label><\/div><\/div>\n\t\t\t\t\t\t\t\n\t\t\t\t\t\t<\/div><div data-identifier=\"field10\" data-index=\"7\" style=\"width: 100%\" class=\" even form-element form-element-field10 options-true index-true form-element-7 default-false form-element-type-textarea is-required-false -handle\">\n\t\t\t\t\t\t\t<div class=\"form-element-html\"><div ><label class=\"textarea-cover field-cover  \"><span class=\"sub-label-true\"><span class=\"main-label\"><span >Lastin ominaisuudet<\/span><\/span><span class=\"sub-label\"><span >Kaal, K\u00f5rgus ...<\/span><\/span><\/span><div><span class=\"error\"><\/span><textarea data-field-id=\"field10\" placeholder=\"Lastin ominaisuudet\" class=\"validation-lenient\" name=\"field10\" value=\"\" rows=\"5\" data-min-char=\"\" data-max-char=\"\" data-is-required=\"false\" data-placement=\"right\" data-toggle=\"tooltip\" tooltip=\"\" data-trigger=\"focus\" data-html=\"true\" data-original-title=\"\" style=\"min-height: 110.734px\"><\/textarea><div class=\"count-\"><span class=\"current-count\">0<\/span> \/ <span class=\"max-count \"><\/span><\/div><\/div><\/label><\/div><\/div>\n\t\t\t\t\t\t\t\n\t\t\t\t\t\t<\/div><div data-identifier=\"field11\" data-index=\"8\" style=\"width: 100%\" class=\" form-element form-element-field11 options-true index-true form-element-8 default-false form-element-type-textarea is-required-false odd -handle\">\n\t\t\t\t\t\t\t<div class=\"form-element-html\"><div ><label class=\"textarea-cover field-cover  \"><span class=\"sub-label-false\"><span class=\"main-label\"><span >Lis\u00e4tietoja<\/span><\/span><span class=\"sub-label\"><\/span><\/span><div><span class=\"error\"><\/span><textarea data-field-id=\"field11\" placeholder=\"Lis\u00e4tietoja\" class=\"validation-lenient\" name=\"field11\" value=\"\" rows=\"5\" data-min-char=\"\" data-max-char=\"\" data-is-required=\"false\" data-placement=\"right\" data-toggle=\"tooltip\" tooltip=\"\" data-trigger=\"focus\" data-html=\"true\" data-original-title=\"\" style=\"min-height: 110.734px\"><\/textarea><div class=\"count-\"><span class=\"current-count\">0<\/span> \/ <span class=\"max-count \"><\/span><\/div><\/div><\/label><\/div><\/div>\n\t\t\t\t\t\t\t\n\t\t\t\t\t\t<\/div><div data-identifier=\"field12\" data-index=\"9\" style=\"width: 100%\" class=\" even form-element form-element-field12 options-true index-true form-element-9 default-false form-element-type-submit is-required-false -handle\">\n\t\t\t\t\t\t\t<div class=\"form-element-html\"><div ><div class=\"align-right wide-false submit-cover field-cover\"><button type=\"submit\" class=\"button submit-button\"><span class=\"text \">L\u00e4het\u00e4<\/span><span class=\"spin-cover\"><i style=\"color:\" class=\"loading-icon icon-cog animate-spin\"><\/i><\/span><\/button><\/div><div class=\"submit-response \"><\/div><label ><input type=\"text\" class=\"required_field\" name=\"website\" autocomplete=\"maple-syrup-pot\"><\/label><\/div><\/div>\n\t\t\t\t\t\t\t\n\t\t\t\t\t\t<\/div><div data-identifier=\"field16\" data-index=\"10\" style=\"width: 100%\" class=\" form-element form-element-field16 options- index- form-element-10 default-false form-element-type-reCaptcha is-required-false odd -handle\">\n\t\t\t\t\t\t\t<div class=\"form-element-html\"><div ><div data-site-key=\"6LfF4ccpAAAAAFrBYq3U3HKGsePomyiSuDBWExzV\" class=\"captcha-placeholder \">reCaptcha v3<\/div><input type=\"hidden\" class=\"recaptcha-token \" name=\"recaptcha-token\"><\/div><\/div>\n\t\t\t\t\t\t\t\n\t\t\t\t\t\t<\/div>\n\t\t\t\t\t<\/div>\n\t\t\t\t<\/div>\n\t\t\t<\/form>\n\t\t\t<div class=\"prev-next prev-next-1\" style=\"width: 100%; color: #666666; font-size: 100%; background: white\">\n\t\t\t\t<div><label><input type=\"text\" class=\"  \"><\/label><span class=\"inactive page-prev \"><i class=\"formcraft-icon\">keyboard_arrow_left<\/i>Previous<\/span><\/div>\n\t\t\t\t<div><label><input type=\"text\" class=\"  \"><\/label><span class=\"page-next \">Next<i class=\"formcraft-icon\">keyboard_arrow_right<\/i><\/span><\/div>\n\t\t\t<\/div>\n\t\t<\/div><a class=\"powered-by\" target=\"_blank\" href=\"http:\/\/formcraft-wp.com?source=pb\"\/>FormCraft - WordPress form builder<\/a><\/div>\n","protected":false},"excerpt":{"rendered":"<p>Lento-, maantie-, rautatie-, yhdistettyjen kuljetusten ja merikuljetusten kustannukset. Europiir Logistics on luotettava ja luotettava yhteisty\u00f6kumppani, joka tarjoaa logistiikka- ja huolintapalveluita kansainv\u00e4listen tavarakuljetusten alalla. Rahtikuljetusten lis\u00e4ksi Europiir Logistics tarjoaa my\u00f6s rahtivakuutuksia, tullausta, varastointipalveluja ja kimppakuljetuksia. Europiir Logistics kuljettaa tavaroita maanteitse, ilmassa, rautateitse ja meritse. Yritys pystyy k\u00e4sittelem\u00e4\u00e4n kaikenkokoisia ja -m\u00e4\u00e4r\u00e4isi\u00e4 sek\u00e4 monimutkaisia rahtitavaroita.<\/p>\n","protected":false},"author":7,"featured_media":0,"parent":0,"menu_order":0,"comment_status":"closed","ping_status":"closed","template":"","meta":[],"class_list":["post-4051","page","type-page","status-publish","hentry","description-off"],"_links":{"self":[{"href":"https:\/\/europiir.ee\/fi\/wp-json\/wp\/v2\/pages\/4051","targetHints":{"allow":["GET"]}}],"collection":[{"href":"https:\/\/europiir.ee\/fi\/wp-json\/wp\/v2\/pages"}],"about":[{"href":"https:\/\/europiir.ee\/fi\/wp-json\/wp\/v2\/types\/page"}],"author":[{"embeddable":true,"href":"https:\/\/europiir.ee\/fi\/wp-json\/wp\/v2\/users\/7"}],"replies":[{"embeddable":true,"href":"https:\/\/europiir.ee\/fi\/wp-json\/wp\/v2\/comments?post=4051"}],"version-history":[{"count":6,"href":"https:\/\/europiir.ee\/fi\/wp-json\/wp\/v2\/pages\/4051\/revisions"}],"predecessor-version":[{"id":4179,"href":"https:\/\/europiir.ee\/fi\/wp-json\/wp\/v2\/pages\/4051\/revisions\/4179"}],"wp:attachment":[{"href":"https:\/\/europiir.ee\/fi\/wp-json\/wp\/v2\/media?parent=4051"}],"curies":[{"name":"wp","href":"https:\/\/api.w.org\/{rel}","templated":true}]}}