{"id":3903,"date":"2023-12-14T16:22:32","date_gmt":"2023-12-14T14:22:32","guid":{"rendered":"https:\/\/camo.ee\/projektid\/europiir\/?page_id=3903"},"modified":"2024-11-12T12:05:18","modified_gmt":"2024-11-12T10:05:18","slug":"services","status":"publish","type":"page","link":"https:\/\/europiir.ee\/fi\/services\/","title":{"rendered":"Palvelut"},"content":{"rendered":"<p>[vc_section css=&#8221;.vc_custom_1700638880697{padding-bottom: 50px !important;}&#8221;][vc_row][vc_column width=&#8221;1\/2&#8243;][vc_column_text]<\/p>\n<h2>Europiir-yritysryhm\u00e4 kuljettaa yhdistettyj\u00e4 ja t\u00e4ysi\u00e4 kuormia seuraavilla reiteill\u00e4:<\/h2>\n<p>Turkista ja Ukrainasta, Norjaan, Latviaan, Liettuaan, Viroon, Suomeen, Bulgariaan sek\u00e4 takaisin Turkkiin ja Ukrainaan. N\u00e4iden p\u00e4\u00e4reittien lis\u00e4ksi on my\u00f6s muita kohteita <a href=\"https:\/\/europiir.ee\/fi\/hintapyynto\/\">(j\u00e4t\u00e4 tarjouspyynt\u00f6)<\/a>.<\/p>\n<p>Yrityksemme kuljettaa my\u00f6s t\u00e4ysi\u00e4 ja ylisuuria kuormia meritse ja autolla, kustannusten laskemiseksi l\u00e4het\u00e4 meille kustannuslaskentalomake tai kirjoita osoitteeseen <a href=\"mailto:%D1%80%D0%B3%D1%96%D1%81%D0%B5@europiir.ee\">\u0440\u0433\u0456\u0441\u0435@europiir.ee<\/a>. Voimme toimittaa pieni\u00e4 l\u00e4hetyksi\u00e4 ei ainoastaan meritse ja autolla, vaan my\u00f6s ilmateitse![\/vc_column_text][\/vc_column][vc_column width=&#8221;1\/2&#8243;][vc_single_image image=&#8221;2343&#8243; img_size=&#8221;full&#8221;][\/vc_column][\/vc_row][\/vc_section][vc_section full_width=&#8221;stretch_row&#8221; content_placement=&#8221;top&#8221; css=&#8221;.vc_custom_1700573789139{padding-bottom: 50px !important;background-color: #1f365c !important;}&#8221;][vc_row][vc_column width=&#8221;1\/2&#8243;]<div id=\"ultimate-heading-121669dce87027903\" class=\"uvc-heading ult-adjust-bottom-margin ultimate-heading-121669dce87027903 uvc-2325 accent-border-color\" data-hspacer=\"line_only\"  data-halign=\"left\" style=\"text-align:left\"><div class=\"uvc-main-heading ult-responsive\"  data-ultimate-target='.uvc-heading.ultimate-heading-121669dce87027903 h2'  data-responsive-json-new='{\"font-size\":\"\",\"line-height\":\"\"}' ><h2 style=\"font-weight:bold;color:#ffffff;margin-bottom:5px;\">MIT\u00c4 ON YHDISTETTY KUORMA?<\/h2><\/div><div class=\"uvc-heading-spacer line_only\" style=\"margin-bottom:25px;height:4px;\"><span class=\"uvc-headings-line\" style=\"border-style:solid;border-bottom-width:4px;border-color:#ef9b00;width:200px;\"><\/span><\/div><\/div>[vc_column_text]<span style=\"font-weight: 400; color: #ffffff;\">Yhdistetty kuorma on eri asiakkailta tulevien pienten kuormien l\u00e4hetys, joka kuljetetaan yhteen suuntaan t\u00e4ydess\u00e4 kontissa, kuorma-autossa jne.<\/span><\/p>\n<p><strong><span style=\"color: #ffffff;\">T\u00e4m\u00e4n mukaan kuljetusyhti\u00f6n kuljettamat yhdistetyt kuormat merkit\u00e4\u00e4n vastaavasti:<\/span><\/strong>[\/vc_column_text]<div class=\"aio-icon-component  vc_custom_1700639265853   style_1\"><div id=\"Info-box-wrap-5804\" class=\"aio-icon-box left-icon\" style=\"\"  ><div class=\"aio-icon-left\"><div class=\"ult-just-icon-wrapper  \"><div class=\"align-icon\" style=\"text-align:center;\">\n<div class=\"aio-icon advanced \"  style=\"color:#ffffff;background:#ef9b00;border-style:;border-color:#333333;border-width:1px;width:64px;height:64px;line-height:64px;border-radius:500px;font-size:32px;display:inline-block;\">\n\t<i class=\"Defaults-truck\"><\/i>\n<\/div><\/div><\/div><\/div><div class=\"aio-ibd-block\"><div class=\"aio-icon-description ult-responsive\"  data-ultimate-target='#Info-box-wrap-5804 .aio-icon-description'  data-responsive-json-new='{\"font-size\":\"\",\"line-height\":\"\"}'  style=\"\"><strong><span style=\"color: #ef9b00;\">LTL-kuljetus (LessthanTruckLoad)<\/span><\/strong><\/p>\n<p><span style=\"color: #ffffff;\">maanteiden tavaraliikenteess\u00e4;<\/span><\/div> <!-- description --><\/div> <!-- aio-ibd-block --><\/div> <!-- aio-icon-box --><\/div> <!-- aio-icon-component --><div class=\"aio-icon-component  vc_custom_1700639248078   style_1\"><div id=\"Info-box-wrap-7904\" class=\"aio-icon-box left-icon\" style=\"\"  ><div class=\"aio-icon-left\"><div class=\"ult-just-icon-wrapper  \"><div class=\"align-icon\" style=\"text-align:center;\">\n<div class=\"aio-icon advanced \"  style=\"color:#ffffff;background:#ef9b00;border-style:;border-color:#333333;border-width:1px;width:64px;height:64px;line-height:64px;border-radius:500px;font-size:32px;display:inline-block;\">\n\t<i class=\"Defaults-ship\"><\/i>\n<\/div><\/div><\/div><\/div><div class=\"aio-ibd-block\"><div class=\"aio-icon-description ult-responsive\"  data-ultimate-target='#Info-box-wrap-7904 .aio-icon-description'  data-responsive-json-new='{\"font-size\":\"\",\"line-height\":\"\"}'  style=\"\"><strong><span style=\"color: #ef9b00;\">LTL-kuljetus (LessthanTruckLoad)<\/span><\/strong><br \/>\n<span style=\"color: #ffffff;\">maanteiden tavaraliikenteess\u00e4;<\/span><\/div> <!-- description --><\/div> <!-- aio-ibd-block --><\/div> <!-- aio-icon-box --><\/div> <!-- aio-icon-component -->[\/vc_column][vc_column width=&#8221;1\/2&#8243;][vc_column_text css=&#8221;.vc_custom_1700639301439{margin-bottom: 20px !important;padding-top: 20px !important;padding-right: 20px !important;padding-bottom: 20px !important;padding-left: 20px !important;background-color: #334b72 !important;}&#8221;]<span style=\"color: #ffffff;\"><b>YHDISTETYN KULJETUKSEN EDUT<\/b><\/span><\/p>\n<p><span style=\"font-weight: 400; color: #ffffff;\">Yhdistetyt kuljetukset alentavat rahdinkuljettajan toimituskustannuksia, mik\u00e4 tarjoaa asiakkaille selkeit\u00e4 etuja:<\/span><\/p>\n<ul>\n<li style=\"font-weight: 400;\" aria-level=\"1\"><span style=\"font-weight: 400; color: #ffffff;\">edulliset palvelukustannukset;<\/span><\/li>\n<li style=\"font-weight: 400;\" aria-level=\"1\"><span style=\"font-weight: 400; color: #ffffff;\">mahdollisuus toimittaa pienikokoisia kuormia;<\/span><\/li>\n<li style=\"font-weight: 400;\" aria-level=\"1\"><span style=\"font-weight: 400; color: #ffffff;\">l\u00e4hetysten s\u00e4\u00e4nn\u00f6llisyys ja oikea-aikaisuus;<\/span><\/li>\n<li style=\"font-weight: 400;\" aria-level=\"1\"><span style=\"font-weight: 400; color: #ffffff;\">kuljetusten turvallisuus;<\/span><\/li>\n<li style=\"font-weight: 400;\" aria-level=\"1\"><span style=\"font-weight: 400; color: #ffffff;\">monipuolisuus.<\/span><\/li>\n<\/ul>\n<p>[\/vc_column_text][vc_column_text css=&#8221;.vc_custom_1700487434940{padding-top: 20px !important;padding-right: 20px !important;padding-bottom: 20px !important;padding-left: 20px !important;background-color: #334b72 !important;}&#8221;]<span style=\"color: #ffffff;\"><b>MIT\u00c4 VOIDAAN KULJETTAA<\/b> <b>LIS\u00c4LASTINA?<\/b><\/span><\/p>\n<p><span style=\"font-weight: 400; color: #ffffff;\">L\u00e4hes kaikenlaisia asiakkaan tarvitsemia tavaroita pienin\u00e4 m\u00e4\u00e4rin\u00e4 (alkaen 50 kg), mukaan lukien vaaraluokkiin 2, 3, 4, 5, 6, 8 ja 9 kuuluvat vaaralliset aineet (ADR).<\/span>[\/vc_column_text][\/vc_column][\/vc_row][\/vc_section][vc_section full_width=&#8221;stretch_row&#8221; css=&#8221;.vc_custom_1700639868870{background-color: #f5f5f5 !important;}&#8221;][vc_row bg_type=&#8221;bg_color&#8221; css=&#8221;.vc_custom_1700639886082{margin-top: 30px !important;}&#8221;][vc_column]<div id=\"ultimate-heading-500369dce87027f82\" class=\"uvc-heading ult-adjust-bottom-margin ultimate-heading-500369dce87027f82 uvc-3068 accent-icon-color\" data-hspacer=\"line_only\"  data-halign=\"center\" style=\"text-align:center\"><div class=\"uvc-main-heading ult-responsive\"  data-ultimate-target='.uvc-heading.ultimate-heading-500369dce87027f82 h2'  data-responsive-json-new='{\"font-size\":\"\",\"line-height\":\"\"}' ><h2 style=\"font-weight:bold;\">YHDISTETTYJEN JA T\u00c4YSIEN KUORMIEN<br \/>\nKULJETUKSEN PALVELUIDEN TYYPIT:<\/h2><\/div><div class=\"uvc-heading-spacer line_only\" style=\"margin-bottom:30px;height:4px;\"><span class=\"uvc-headings-line\" style=\"border-style:solid;border-bottom-width:4px;border-color:#ef9b00;width:200px;\"><\/span><\/div><\/div>[\/vc_column][\/vc_row][vc_row][vc_column width=&#8221;1\/3&#8243;][vc_column_text css=&#8221;.vc_custom_1700639720042{padding-top: 20px !important;padding-right: 20px !important;padding-bottom: 20px !important;padding-left: 20px !important;background-color: #ffffff !important;}&#8221;]<i><span style=\"font-weight: 400;\">Yhdistettyjen ja t\u00e4ysien kuormien avaimet k\u00e4teen \u2013kuljetukset: <\/span><\/i><span style=\"font-weight: 400;\">yhdistettyen kuormien toimituspalvelut, joihin sis\u00e4ltyy tulliselvitys alkuper\u00e4maassa sek\u00e4 m\u00e4\u00e4r\u00e4maassa ja kuorman toimittaminen vastaanottajan ovelle, tarvittaessa kuorman lis\u00e4vakuutuksen j\u00e4rjest\u00e4minen. <\/span>[\/vc_column_text][\/vc_column][vc_column width=&#8221;1\/3&#8243;][vc_column_text css=&#8221;.vc_custom_1700487664017{padding-top: 20px !important;padding-right: 20px !important;padding-bottom: 20px !important;padding-left: 20px !important;background-color: #ffffff !important;}&#8221;]<i><span style=\"font-weight: 400;\">Yhdistettyjen ja t\u00e4ysien kuormien kuljetukset kolmansista maista EU:hun artiklan 42 mukaisesti:<\/span><\/i><span style=\"font-weight: 400;\"> tavaroiden vastaanotto tavarantoimittajan varastosta ja niiden kuljetus Virossa sijaitsevaan tulliselvityspaikkaan, jonka j\u00e4lkeen tavarat toimitetaan EU:n alueella Viron ulkopuolelle, jolloin arvonlis\u00e4veroa ei tarvitse maksaa tavaroiden maahantuonnin yhteydess\u00e4. Arvonlis\u00e4vero on kuitenkin ilmoitettava l\u00e4himm\u00e4ss\u00e4 veroilmoituksessa.<\/span>[\/vc_column_text][\/vc_column][vc_column width=&#8221;1\/3&#8243;][vc_column_text css=&#8221;.vc_custom_1700487698458{padding-top: 20px !important;padding-right: 20px !important;padding-bottom: 20px !important;padding-left: 20px !important;background-color: #ffffff !important;}&#8221;]<i><span style=\"font-weight: 400;\">Yhdistettyjen ja t\u00e4ysien kuormien kuljetus sopimuksemme mukaisesti:<\/span><\/i><span style=\"font-weight: 400;\"> tavaroiden osto ja kuljetus Turkista, Ukrainasta ja Kiinasta Viroon, Latviaan, Suomeen, Ruotsiin, Norjaan, Bulgariaan ja muihin EU-maihin maahantuontiyrityksellemme, jossa tehd\u00e4\u00e4n tulliselvitys Virossa <\/span><span style=\"font-weight: 400;\">artiklan 42<\/span><span style=\"font-weight: 400;\"> mukaisesti, mink\u00e4 j\u00e4lkeen tavarat luovutetaan vastaanottajalle.<\/span>[\/vc_column_text][\/vc_column][\/vc_row][vc_row css=&#8221;.vc_custom_1700639994288{padding-top: 40px !important;padding-bottom: 40px !important;}&#8221;][vc_column width=&#8221;1\/2&#8243;][vc_column_text]<b>MITEN LASKEN YHDISTETYN JA T\u00c4YDEN KULJETUKSEN KUSTANNUKSET?<\/b><\/p>\n<p><span style=\"font-weight: 400;\">Palvelun hintaan vaikuttavat seuraavat tekij\u00e4t:<\/span><\/p>\n<ul>\n<li style=\"font-weight: 400;\" aria-level=\"1\"><span style=\"font-weight: 400;\">paino, mitat (tilavuus, juoksumetrit, pituus, leveys ja korkeus) ja tavaran tyyppi;<\/span><\/li>\n<li style=\"font-weight: 400;\" aria-level=\"1\"><span style=\"font-weight: 400;\">kuljetustapa (meri-, maantie-, lentokuljetus);<\/span><\/li>\n<li style=\"font-weight: 400;\" aria-level=\"1\"><span style=\"font-weight: 400;\">matkareitti.<\/span><\/li>\n<\/ul>\n<p><strong>Saadaksesi yhdistetyn kuljetuksen kustannukset, k\u00e4yt\u00e4 yhdistettyjen ja t\u00e4ysien kuormien kuljetuslaskuria.<\/strong>[\/vc_column_text][vc_raw_html css=&#8221;.vc_custom_1731405915843{margin-top: 10px !important;border-top-width: 0px !important;border-right-width: 0px !important;border-bottom-width: 0px !important;border-left-width: 0px !important;padding-top: 0px !important;}&#8221;]JTNDYSUyMGhyZWYlM0QlMjJodHRwcyUzQSUyRiUyRmV1cm9waWlyLmVlJTJGZmklMkZoaW50YXB5eW50byUyRiUyMiUyMHN0eWxlJTNEJTIyYmFja2dyb3VuZCUzQSUyMCUyM2VmOWIwMCUzQiUyMHBhZGRpbmclM0ElMjAxMHB4JTIwMThweCUzQiUyMG1hcmdpbi10b3AlM0ElMjAxMHB4JTNCJTIwZGlzcGxheSUzQSUyMGJsb2NrJTNCJTIwd2lkdGglM0ElMjBmaXQtY29udGVudCUzQiUyMiUzRSUzQ2J1dHRvbiUyMHN0eWxlJTNEJTIyYm9yZGVyJTNBJTIwbm9uZSUzQiUyMGNvbG9yJTNBJTIwd2hpdGUlM0IlMjBiYWNrZ3JvdW5kJTNBJTIwdHJhbnNwYXJlbnQlM0IlMjBmb250LXdlaWdodCUzQSUyMGJvbGQlM0IlMjBmb250LXNpemUlM0ElMjAxNnB4JTNCJTIwZm9udC1mYW1pbHklM0ElMjAlMjdPcGVuJTIwU2FucyUyMENvbmRlbnNlZCUyNyUzQiUyMiUzRUhJTlRBUFlZTlQlQzMlOTYlM0MlMkZidXR0b24lM0UlM0MlMkZhJTNF[\/vc_raw_html][\/vc_column][vc_column width=&#8221;1\/2&#8243;][vc_column_text css=&#8221;.vc_custom_1702882683892{padding-top: 20px !important;padding-right: 20px !important;padding-bottom: 20px !important;padding-left: 20px !important;background-color: #334b72 !important;}&#8221;]<span style=\"color: #ffffff;\"><b>YHDISTETYN KULJETUKSEN LIS\u00c4PALVELUT<\/b><\/span><\/p>\n<p><span style=\"font-weight: 400; color: #ffffff;\">Europiir-yritysryhmill\u00e4 on k\u00e4yt\u00f6ss\u00e4\u00e4n kaikki tarvittavat palvelut, jotka helpottavat sinua. Voit hy\u00f6dynt\u00e4\u00e4 seuraavia lis\u00e4vaihtoehtoja:<\/span><\/p>\n<ul>\n<li style=\"font-weight: 400;\" aria-level=\"1\"><span style=\"color: #ffffff;\"><span style=\"font-weight: 400;\">tuonti-\/vientitullaus<\/span><span style=\"font-weight: 400;\">;<\/span><\/span><\/li>\n<li style=\"font-weight: 400;\" aria-level=\"1\"><span style=\"font-weight: 400; color: #ffffff;\">Tulliselvitys artiklan 42 mukaisesti;<\/span><\/li>\n<li style=\"font-weight: 400;\" aria-level=\"1\"><span style=\"color: #ffffff;\"><span style=\"font-weight: 400;\">varastointipalvelut<\/span><span style=\"font-weight: 400;\">;<\/span><\/span><\/li>\n<li style=\"font-weight: 400;\" aria-level=\"1\"><span style=\"color: #ffffff;\"><span style=\"font-weight: 400;\">kuorman lis\u00e4vakuutus<\/span><span style=\"font-weight: 400;\">.<\/span><\/span><\/li>\n<\/ul>\n<p><span style=\"font-weight: 400; color: #ffffff;\">Tarvitsetko edullista yhdistett\u00e4 kuljetusta? Jos vaadit laadukasta palvelua, m\u00e4\u00e4r\u00e4aikoja ja olet tottunut luottamaan kokeneisiin ja korkeasti koulutettuihin asiantuntijoihin, ota yhteytt\u00e4 Europiiriin!<\/span>[\/vc_column_text][\/vc_column][\/vc_row][\/vc_section]<\/p>\n","protected":false},"excerpt":{"rendered":"<p>[vc_section css=&#8221;.vc_custom_1700638880697{padding-bottom: 50px !important;}&#8221;][vc_row][vc_column width=&#8221;1\/2&#8243;][vc_column_text] Europiir-yritysryhm\u00e4 kuljettaa yhdistettyj\u00e4 ja t\u00e4ysi\u00e4 kuormia seuraavilla reiteill\u00e4: Turkista ja Ukrainasta, Norjaan, Latviaan, Liettuaan, Viroon, Suomeen, Bulgariaan sek\u00e4 takaisin Turkkiin ja Ukrainaan. N\u00e4iden p\u00e4\u00e4reittien lis\u00e4ksi on my\u00f6s muita kohteita (j\u00e4t\u00e4 tarjouspyynt\u00f6). Yrityksemme kuljettaa my\u00f6s t\u00e4ysi\u00e4 ja ylisuuria kuormia meritse ja autolla, kustannusten laskemiseksi l\u00e4het\u00e4 meille kustannuslaskentalomake tai kirjoita osoitteeseen \u0440\u0433\u0456\u0441\u0435@europiir.ee.&hellip;<\/p>\n","protected":false},"author":7,"featured_media":0,"parent":0,"menu_order":0,"comment_status":"closed","ping_status":"closed","template":"","meta":[],"class_list":["post-3903","page","type-page","status-publish","hentry","description-off"],"_links":{"self":[{"href":"https:\/\/europiir.ee\/fi\/wp-json\/wp\/v2\/pages\/3903","targetHints":{"allow":["GET"]}}],"collection":[{"href":"https:\/\/europiir.ee\/fi\/wp-json\/wp\/v2\/pages"}],"about":[{"href":"https:\/\/europiir.ee\/fi\/wp-json\/wp\/v2\/types\/page"}],"author":[{"embeddable":true,"href":"https:\/\/europiir.ee\/fi\/wp-json\/wp\/v2\/users\/7"}],"replies":[{"embeddable":true,"href":"https:\/\/europiir.ee\/fi\/wp-json\/wp\/v2\/comments?post=3903"}],"version-history":[{"count":17,"href":"https:\/\/europiir.ee\/fi\/wp-json\/wp\/v2\/pages\/3903\/revisions"}],"predecessor-version":[{"id":4457,"href":"https:\/\/europiir.ee\/fi\/wp-json\/wp\/v2\/pages\/3903\/revisions\/4457"}],"wp:attachment":[{"href":"https:\/\/europiir.ee\/fi\/wp-json\/wp\/v2\/media?parent=3903"}],"curies":[{"name":"wp","href":"https:\/\/api.w.org\/{rel}","templated":true}]}}