{"id":3882,"date":"2023-12-14T15:33:37","date_gmt":"2023-12-14T13:33:37","guid":{"rendered":"https:\/\/camo.ee\/projektid\/europiir\/?page_id=3882"},"modified":"2023-12-15T16:29:04","modified_gmt":"2023-12-15T14:29:04","slug":"firmast","status":"publish","type":"page","link":"https:\/\/europiir.ee\/fi\/firmast\/","title":{"rendered":"Yrityksest\u00e4"},"content":{"rendered":"<p>[vc_row type=&#8221;vc_default&#8221; css=&#8221;.vc_custom_1476008791393{padding-top: 70px !important;padding-bottom: 25px !important;}&#8221;][vc_column offset=&#8221;vc_col-lg-6 vc_col-md-6 vc_col-xs-12&#8243; css=&#8221;.vc_custom_1476005293248{padding-bottom: 50px !important;}&#8221;]<div id=\"ultimate-heading-940469d72a96182b8\" class=\"uvc-heading ult-adjust-bottom-margin ultimate-heading-940469d72a96182b8 uvc-5483 \" data-hspacer=\"no_spacer\"  data-halign=\"left\" style=\"text-align:left\"><div class=\"uvc-heading-spacer no_spacer\" style=\"top\"><\/div><div class=\"uvc-main-heading ult-responsive\"  data-ultimate-target='.uvc-heading.ultimate-heading-940469d72a96182b8 h2'  data-responsive-json-new='{\"font-size\":\"desktop:26px;\",\"line-height\":\"desktop:32px;\"}' ><h2 style=\"font-weight:bold;margin-bottom:20px;\">EUROPIIR LOGISTICS O\u00dc - KATTAVAT KULJETUS- JA LOGISTIIKKAPALVELUT!<\/h2><\/div><\/div>[vc_column_text]Kansainv\u00e4linen monialayritys, joka on erikoistunut tarjoamaan tarpeellisen ja optimaalisen kuljetus- ja logistiikkapalvelujen kokonaisuuden rahtikuljetusten j\u00e4rjest\u00e4misen alalla maantie-, rautatie-, meri- ja ilmakuljetuksissa vuodesta 2008 l\u00e4htien. Nyky\u00e4\u00e4n kuljetusmaantiede kattaa yli 100 maata: Euroopan ja Aasian maat, Skandinavia, Pohjois- ja Etel\u00e4-Amerikka, Intia, Brasilia, Ukraina, Turkki, Kirgisia, Kazakstan.<\/p>\n<p>Olemme mukana kaikentyyppisiss\u00e4 rahtikuljetuksissa, mukaan lukien ovelta ovelle tai \u201dovelta ovelle\u201d -toimitukset, joissa tavarat ostetaan toimittajalta. Sinun tarvitsee vain tehd\u00e4 hakemus Europiir Logistics O\u00dc:lle, kaiken muun, kun se on sovittu kanssasi, hoitavat yrityksen asiantuntijat. N\u00e4in sinun ei en\u00e4\u00e4 tarvitse tuhlata arvokasta aikaa sopivan rahdinkuljettajan tai huolitsijan etsimiseen tai huolehtia lastin turvallisuudesta ja toimitukseen kuluvasta ajasta.<\/p>\n<p>Europiir Logistics O\u00dc toimittaa rahtisi nopeasti ja luotettavasti l\u00e4hes kaikkialle maailmaan, ja yrityksen kokeneet ty\u00f6ntekij\u00e4t pystyv\u00e4t ennakoimaan ja ratkaisemaan nopeasti mahdolliset vaikeat tilanteet koko kuljetus- ja logistiikkaprosessin aikana.<\/p>\n<p>Europiir Logistics O\u00dc:ll\u00e4 on toimistot Virossa, Turkissa ja Bulgariassa. Tarjoamme kaikissa n\u00e4iss\u00e4 maissa tulli- ja varastointipalveluja.[\/vc_column_text][\/vc_column][vc_column offset=&#8221;vc_col-lg-6 vc_col-md-6 vc_col-xs-12&#8243; css=&#8221;.vc_custom_1476005300152{padding-bottom: 50px !important;}&#8221;]<div id=\"ultimate-heading-932869d72a9618456\" class=\"uvc-heading ult-adjust-bottom-margin ultimate-heading-932869d72a9618456 uvc-1728 \" data-hspacer=\"no_spacer\"  data-halign=\"left\" style=\"text-align:left\"><div class=\"uvc-heading-spacer no_spacer\" style=\"top\"><\/div><div class=\"uvc-main-heading ult-responsive\"  data-ultimate-target='.uvc-heading.ultimate-heading-932869d72a9618456 h2'  data-responsive-json-new='{\"font-size\":\"desktop:26px;\",\"line-height\":\"desktop:32px;\"}' ><h2 style=\"font-weight:bold;margin-bottom:20px;\">MEID\u00c4N KOKEMUKSEMME<\/h2><\/div><\/div>[vc_progress_bar values=&#8221;%5B%7B%22label%22%3A%22TOIMISTOJA%20140%20MAASSA%22%2C%22value%22%3A%22110%22%7D%2C%7B%22label%22%3A%22YLI%20500%20TYYTYV%C3%84IST%C3%84%20YRITYST%C3%84%22%2C%22value%22%3A%22200%22%7D%2C%7B%22label%22%3A%22YLI%20275%20KULJETUSKALUSTOYKSIKK%C3%96%C3%84%22%2C%22value%22%3A%22225%22%7D%2C%7B%22label%22%3A%22YLI%20400%20ASIANTUNTIJAA%20MUKANA%22%2C%22value%22%3A%22400%22%7D%5D&#8221; options=&#8221;striped,animated&#8221; caption_pos=&#8221;top&#8221;][vc_empty_space][vc_separator][vc_empty_space][vc_single_image image=&#8221;2992&#8243; img_size=&#8221;full&#8221;][\/vc_column][\/vc_row]<\/p>\n","protected":false},"excerpt":{"rendered":"<p>[vc_row type=&#8221;vc_default&#8221; css=&#8221;.vc_custom_1476008791393{padding-top: 70px !important;padding-bottom: 25px !important;}&#8221;][vc_column offset=&#8221;vc_col-lg-6 vc_col-md-6 vc_col-xs-12&#8243; css=&#8221;.vc_custom_1476005293248{padding-bottom: 50px !important;}&#8221;][vc_column_text]Kansainv\u00e4linen monialayritys, joka on erikoistunut tarjoamaan tarpeellisen ja optimaalisen kuljetus- ja logistiikkapalvelujen kokonaisuuden rahtikuljetusten j\u00e4rjest\u00e4misen alalla maantie-, rautatie-, meri- ja ilmakuljetuksissa vuodesta 2008 l\u00e4htien. Nyky\u00e4\u00e4n kuljetusmaantiede kattaa yli 100 maata: Euroopan ja Aasian maat, Skandinavia, Pohjois- ja Etel\u00e4-Amerikka, Intia, Brasilia, Ukraina, Turkki, Kirgisia,&hellip;<\/p>\n","protected":false},"author":7,"featured_media":0,"parent":0,"menu_order":0,"comment_status":"closed","ping_status":"closed","template":"","meta":[],"class_list":["post-3882","page","type-page","status-publish","hentry","description-off"],"_links":{"self":[{"href":"https:\/\/europiir.ee\/fi\/wp-json\/wp\/v2\/pages\/3882","targetHints":{"allow":["GET"]}}],"collection":[{"href":"https:\/\/europiir.ee\/fi\/wp-json\/wp\/v2\/pages"}],"about":[{"href":"https:\/\/europiir.ee\/fi\/wp-json\/wp\/v2\/types\/page"}],"author":[{"embeddable":true,"href":"https:\/\/europiir.ee\/fi\/wp-json\/wp\/v2\/users\/7"}],"replies":[{"embeddable":true,"href":"https:\/\/europiir.ee\/fi\/wp-json\/wp\/v2\/comments?post=3882"}],"version-history":[{"count":7,"href":"https:\/\/europiir.ee\/fi\/wp-json\/wp\/v2\/pages\/3882\/revisions"}],"predecessor-version":[{"id":3975,"href":"https:\/\/europiir.ee\/fi\/wp-json\/wp\/v2\/pages\/3882\/revisions\/3975"}],"wp:attachment":[{"href":"https:\/\/europiir.ee\/fi\/wp-json\/wp\/v2\/media?parent=3882"}],"curies":[{"name":"wp","href":"https:\/\/api.w.org\/{rel}","templated":true}]}}